{"id":5876,"date":"2025-06-07T16:23:38","date_gmt":"2025-06-07T16:23:38","guid":{"rendered":"https:\/\/www.argsiteyonetimi.com\/?page_id=5876"},"modified":"2025-06-07T16:25:25","modified_gmt":"2025-06-07T16:25:25","slug":"paketlerimiz","status":"publish","type":"page","link":"https:\/\/www.argsiteyonetimi.com\/index.php\/paketlerimiz\/","title":{"rendered":"Paketlerimiz"},"content":{"rendered":"<section class=\"wpb-content-wrapper\"><p>[vc_row full_width=&#8221;stretch_row&#8221; parallax=&#8221;content-moving&#8221; parallax_image=&#8221;5628&#8243; css_animation=&#8221;fadeIn&#8221; boc_overlay_color=&#8221;rgba(204,33,74,0.9)&#8221; boc_with_gradient=&#8221;yes&#8221; boc_overlay_color2=&#8221;rgba(230,152,81,0.9)&#8221; boc_overlay_gradient_angle=&#8221;120deg&#8221; css=&#8221;.vc_custom_1748365076174{padding-top: 160px !important;padding-bottom: 140px !important;}&#8221;][vc_column el_class=&#8221;white_links&#8221;]<div class=\"boc_heading uppercase letter_spacing_big center  boc_animate_when_almost_visible boc_top-to-bottom bold_weight\"  style=\"color: #f8e6d6;font-size: 15px;\"  data-css_delay=500><span>Sorunsuz bir ba\u015flang\u0131\u00e7.<\/span><\/div><div class=\"boc_spacing \" style=\"height: 10px\"><\/div><h2 class=\"boc_heading  center  cd-headline loading-bar i_f600 text_10_on_mobile  boc_animate_when_almost_visible boc_right-to-left thin_weight\"  style=\"color: #ffffff;font-size: 45px;line-height: 1.1em;\"  data-css_delay=600><span>ARG <b>Profesyonel Site ve Apartman Y\u00f6netim Paketleri<\/b><b>Profesyonel Site ve Apartman Y\u00f6netim Paketleri<\/b><b>Profesyonel Site ve Apartman Y\u00f6netim Paketleri<\/b><b>Profesyonel Site ve Apartman Y\u00f6netim Paketleri<\/b><b>Profesyonel Site ve Apartman Y\u00f6netim Paketleri<\/b><\/span><\/h2>[vc_column_text]<\/p>\n<p style=\"text-align: center;\"><span style=\"color: #ffffff;\">G\u00fcnl\u00fck site kontrol\u00fc ve temel destek hizmetleri.<\/span><\/p>\n<p>[\/vc_column_text]<div class=\"boc_spacing \" style=\"height: 30px\"><\/div><a\thref=\"tel:05323227486\u202c\"  \n\t\t\t\tclass=\"button btn_medium btn_plum btn_rounded btn_normal_style icon_pos_before btn_icon_anim_in boc_animate_when_almost_visible boc_zoom \"  target='_self'> <i class='icon fa fa-volume-control-phone'><\/i> <span>Bizimle \u0130leti\u015fime Ge\u00e7in<\/span><\/a>[\/vc_column][\/vc_row][vc_row full_width=&#8221;stretch_row_content_no_spaces&#8221; equal_height=&#8221;yes&#8221; content_placement=&#8221;middle&#8221; css_animation=&#8221;fadeInRight&#8221; css=&#8221;.vc_custom_1748611635140{background-position: center !important;background-repeat: no-repeat !important;background-size: cover !important;}&#8221; el_class=&#8221;white_text&#8221;][vc_column css_animation=&#8221;fadeInLeft&#8221; width=&#8221;1\/2&#8243; css=&#8221;.vc_custom_1748611618878{padding-top: 10px !important;padding-right: 80px !important;padding-bottom: 80px !important;padding-left: 80px !important;background-color: rgba(0,0,0,0.85) !important;*background-color: rgb(0,0,0) !important;}&#8221; el_class=&#8221;center&#8221;]<h3 class=\"boc_heading  al_left  boc_animate_when_almost_visible boc_zoom bolder_weight\"  style=\"color: #ffffff;\" ><span>Tam Zamanl\u0131 Y\u00f6netim Paketi<\/span><\/h3>[vc_column_text css_animation=&#8221;boc_animate_when_almost_visible boc_zoom&#8221; css=&#8221;.vc_custom_1748602492922{margin-bottom: 0px !important;}&#8221;]<\/p>\n<ul>\n<li style=\"text-align: left;\">Tam zamanl\u0131 y\u00f6netim<\/li>\n<li style=\"text-align: left;\">Tek muhattap<\/li>\n<li style=\"text-align: left;\">H\u0131zl\u0131 aksiyon ve \u00e7\u00f6z\u00fcmler<\/li>\n<li style=\"text-align: left;\">Genel kurul haz\u0131rl\u0131klar\u0131<\/li>\n<li style=\"text-align: left;\">Karar defteri takibi\/i\u015flenmesi<\/li>\n<li style=\"text-align: left;\">Aidat ve gider y\u00f6netimi<\/li>\n<li style=\"text-align: left;\">Tahsilat (aidat ve di\u011fer giderler)<\/li>\n<li style=\"text-align: left;\">Tebligatlar<\/li>\n<li style=\"text-align: left;\">\u0130\u015fletme b\u00fct\u00e7esi<\/li>\n<li style=\"text-align: left;\">Muhasebe i\u015flemleri<\/li>\n<li style=\"text-align: left;\">Hukuki i\u015flemler<\/li>\n<li style=\"text-align: left;\">Personel y\u00f6netimi<\/li>\n<li style=\"text-align: left;\">Bak\u0131m onar\u0131m\/teknik servis<\/li>\n<li style=\"text-align: left;\">G\u00fcnl\u00fck tesis kontrol\u00fc<\/li>\n<li style=\"text-align: left;\">\u0130htiya\u00e7 halinde peyzaj<\/li>\n<li style=\"text-align: left;\">\u0130htiya\u00e7 halinde temizlik personeli<\/li>\n<li style=\"text-align: left;\">\u0130htiya\u00e7 halinde g\u00fcvenlik personeli<\/li>\n<\/ul>\n<p style=\"text-align: left;\"><a\thref=\"https:\/\/www.argsiteyonetimi.com\/index.php\/iletisim\/\"  \n\t\t\t\tclass=\"button btn_medium btn_theme_color btn_rounded     \"  target='_self'><span>Detayl\u0131 Bilgi<\/span><\/a><\/p>\n<p>[\/vc_column_text]<div class=\"boc_spacing \" style=\"height: 50px\"><\/div><h3 class=\"boc_heading  al_left  boc_animate_when_almost_visible boc_zoom bolder_weight\"  style=\"color: #ffffff;\" ><span>Muhasebe i\u015flemleri<\/span><\/h3>[vc_column_text css_animation=&#8221;boc_animate_when_almost_visible boc_zoom&#8221; css=&#8221;.vc_custom_1748602546531{margin-bottom: 0px !important;}&#8221;]<\/p>\n<div class=\"text-base my-auto mx-auto py-5 [--thread-content-margin:--spacing(4)] @[37rem]:[--thread-content-margin:--spacing(6)] @[72rem]:[--thread-content-margin:--spacing(16)] px-(--thread-content-margin)\">\n<div class=\"[--thread-content-max-width:32rem] @[34rem]:[--thread-content-max-width:40rem] @[64rem]:[--thread-content-max-width:48rem] mx-auto flex max-w-(--thread-content-max-width) flex-1 text-base gap-4 md:gap-5 lg:gap-6 group\/turn-messages focus-visible:outline-hidden\" tabindex=\"-1\">\n<div class=\"group\/conversation-turn relative flex w-full min-w-0 flex-col agent-turn\">\n<div class=\"relative flex-col gap-1 md:gap-3\">\n<div class=\"flex max-w-full flex-col grow\">\n<div class=\"min-h-8 text-message relative flex w-full flex-col items-end gap-2 text-start break-words whitespace-normal [.text-message+&amp;]:mt-5\" dir=\"auto\" data-message-author-role=\"assistant\" data-message-id=\"538f3c4f-6d8c-432b-b39f-2d1202dbfe45\" data-message-model-slug=\"gpt-4o\">\n<div class=\"flex w-full flex-col gap-1 empty:hidden first:pt-[3px]\">\n<div class=\"markdown prose dark:prose-invert w-full break-words dark\">\n<ul>\n<li style=\"text-align: left;\" data-start=\"0\" data-end=\"159\"><span style=\"color: #ffffff;\"> \u0130\u015fletme defterinin tutulmas\u0131<\/span><\/li>\n<li style=\"text-align: left;\" data-start=\"0\" data-end=\"159\"><span style=\"color: #ffffff;\">Gelir-gider raporlama<\/span><\/li>\n<li style=\"text-align: left;\" data-start=\"0\" data-end=\"159\"><span style=\"color: #ffffff;\">SGK bildirimleri<\/span><\/li>\n<li style=\"text-align: left;\" data-start=\"0\" data-end=\"159\"><span style=\"color: #ffffff;\">Aidat ve di\u011fer giderlerin takibi<\/span><\/li>\n<li style=\"text-align: left;\" data-start=\"0\" data-end=\"159\"><span style=\"color: #ffffff;\">\u00d6demelerin takibi<\/span><\/li>\n<\/ul>\n<p style=\"text-align: left;\"><a\thref=\"https:\/\/www.argsiteyonetimi.com\/index.php\/iletisim\/\"  \n\t\t\t\tclass=\"button btn_medium btn_theme_color btn_rounded     \"  target='_self'><span>Detayl\u0131 Bilgi<\/span><\/a><\/p>\n<\/div>\n<\/div>\n<\/div>\n<\/div>\n<\/div>\n<\/div>\n<\/div>\n<\/div>\n<p>[\/vc_column_text][\/vc_column][vc_column width=&#8221;1\/2&#8243; css=&#8221;.vc_custom_1748442584780{padding-top: 10px !important;padding-right: 80px !important;padding-bottom: 80px !important;padding-left: 80px !important;background-color: rgba(0,0,0,0.8) !important;*background-color: rgb(0,0,0) !important;}&#8221;]<h3 class=\"boc_heading  al_left  boc_animate_when_almost_visible boc_zoom bolder_weight\"  style=\"color: #ffffff;\" ><span>Yar\u0131 Zamanl\u0131 Y\u00f6netim<\/span><\/h3>[vc_column_text css_animation=&#8221;boc_animate_when_almost_visible boc_zoom&#8221; css=&#8221;.vc_custom_1748602594662{margin-bottom: 0px !important;}&#8221;]<\/p>\n<ul>\n<li data-start=\"472\" data-end=\"507\"><span style=\"color: #ffffff;\">Tek muhattapla ileti\u015fim kolayl\u0131\u011f\u0131<\/span><\/li>\n<li data-start=\"510\" data-end=\"549\"><span style=\"color: #ffffff;\">Y\u00f6netimle birebir muhatapl\u0131k avantaj\u0131<\/span><\/li>\n<li data-start=\"552\" data-end=\"587\"><span style=\"color: #ffffff;\">Sorunlara h\u0131zl\u0131 m\u00fcdahale edilmesi<\/span><\/li>\n<li data-start=\"590\" data-end=\"626\"><span style=\"color: #ffffff;\">\u00c7\u00f6z\u00fcm s\u00fcre\u00e7lerinde pratik yakla\u015f\u0131m<\/span><\/li>\n<li data-start=\"629\" data-end=\"663\"><span style=\"color: #ffffff;\">Genel kurul organizasyon deste\u011fi<\/span><\/li>\n<li data-start=\"666\" data-end=\"706\"><span style=\"color: #ffffff;\">Genel kurul evrak ve dok\u00fcman haz\u0131rl\u0131\u011f\u0131<\/span><\/li>\n<li data-start=\"709\" data-end=\"746\"><span style=\"color: #ffffff;\">Karar defterinin yaz\u0131m\u0131 ve kontrol\u00fc<\/span><\/li>\n<li data-start=\"749\" data-end=\"788\"><span style=\"color: #ffffff;\">Kararlar\u0131n yasal takibinin sa\u011flanmas\u0131<\/span><\/li>\n<li data-start=\"791\" data-end=\"824\"><span style=\"color: #ffffff;\">Aidat planlar\u0131n\u0131n olu\u015fturulmas\u0131<\/span><\/li>\n<li data-start=\"827\" data-end=\"874\"><span style=\"color: #ffffff;\">Ortak giderlerin hesaplanmas\u0131 ve bildirilmesi<\/span><\/li>\n<li data-start=\"877\" data-end=\"923\"><span style=\"color: #ffffff;\">Aidat ve giderlerin takibi ve hat\u0131rlat\u0131lmas\u0131<\/span><\/li>\n<li data-start=\"926\" data-end=\"968\"><span style=\"color: #ffffff;\">Geciken \u00f6demeler i\u00e7in ileti\u015fim s\u00fcre\u00e7leri<\/span><\/li>\n<li data-start=\"971\" data-end=\"1005\"><span style=\"color: #ffffff;\">Hukuki dan\u0131\u015fmanl\u0131k koordinasyonu<\/span><\/li>\n<li data-start=\"1008\" data-end=\"1050\"><span style=\"color: #ffffff;\">Temel hukuki s\u00fcre\u00e7lere destek sa\u011flanmas\u0131<\/span><\/li>\n<li data-start=\"1053\" data-end=\"1090\"><span style=\"color: #ffffff;\">\u00c7al\u0131\u015fanlar\u0131n i\u015fe giri\u015f\/\u00e7\u0131k\u0131\u015f takibi<\/span><\/li>\n<li data-start=\"1093\" data-end=\"1136\"><span style=\"color: #ffffff;\">Vardiya \u00e7izelgeleri ve personel ileti\u015fimi<\/span><\/li>\n<li data-start=\"1139\" data-end=\"1182\"><span style=\"color: #ffffff;\">Y\u00f6neticiye d\u00fczenli raporlamalar sunulmas\u0131<\/span><\/li>\n<li data-start=\"1185\" data-end=\"1223\"><span style=\"color: #ffffff;\">Yasal ve idari yaz\u0131\u015fmalar\u0131n y\u00f6netimi<\/span><\/li>\n<\/ul>\n<p style=\"text-align: left;\"><a\thref=\"https:\/\/www.argsiteyonetimi.com\/index.php\/iletisim\/\"  \n\t\t\t\tclass=\"button btn_medium btn_theme_color btn_rounded     \"  target='_self'><span>Detayl\u0131 Bilgi<\/span><\/a><\/p>\n<p>[\/vc_column_text]<div class=\"boc_spacing \" style=\"height: 50px\"><\/div><h3 class=\"boc_heading  al_left  boc_animate_when_almost_visible boc_zoom bolder_weight\"  style=\"color: #ffffff;\" ><span>Hukuki dan\u0131\u015fmanl\u0131k<\/span><\/h3>[vc_column_text css=&#8221;.vc_custom_1748602569057{margin-bottom: 0px !important;}&#8221;]<\/p>\n<ul>\n<li style=\"color: #777777; text-align: left;\"><span style=\"color: #ffffff;\">Yaz\u0131l\u0131 veya s\u00f6zl\u00fc m\u00fctalaa verme<\/span><\/li>\n<li style=\"color: #777777; text-align: left;\"><span style=\"color: #ffffff;\">S\u00f6zle\u015fme yapma<\/span><\/li>\n<li style=\"color: #777777; text-align: left;\"><span style=\"color: #ffffff;\">Resmi yaz\u0131\u015fmalar, ihtarnameler<\/span><\/li>\n<li style=\"color: #777777; text-align: left;\"><span style=\"color: #ffffff;\">Dava ve icra takibi<\/span><\/li>\n<li style=\"color: #777777; text-align: left;\"><span style=\"color: #ffffff;\">Aidat tahsilat\u0131<\/span><\/li>\n<\/ul>\n<p style=\"text-align: left;\"><a\thref=\"https:\/\/www.argsiteyonetimi.com\/index.php\/iletisim\/\"  \n\t\t\t\tclass=\"button btn_medium btn_theme_color btn_rounded     \"  target='_self'><span>Detayl\u0131 Bilgi<\/span><\/a><\/p>\n<p>[\/vc_column_text][\/vc_column][\/vc_row][vc_row css=&#8221;.vc_custom_1749313370780{padding-top: 50px !important;padding-bottom: 50px !important;}&#8221;][vc_column][vc_column_text css_animation=&#8221;boc_animate_when_almost_visible boc_fade-in&#8221;]<\/p>\n<p style=\"text-align: center;\">Tam zamanl\u0131, yar\u0131 zamanl\u0131 y\u00f6netim veya hukuki dan\u0131\u015fmanl\u0131k&#8230; Hangi hizmete ihtiyac\u0131n\u0131z olursa olsun, size \u00f6zel \u00e7\u00f6z\u00fcmler sunuyoruz. G\u00fcvenli, \u015feffaf ve s\u00fcrd\u00fcr\u00fclebilir bir site y\u00f6netimi i\u00e7in yan\u0131n\u0131zday\u0131z.<\/p>\n<p>&nbsp;<\/p>\n<p style=\"text-align: center;\"><a\thref=\"https:\/\/www.argsiteyonetimi.com\/index.php\/iletisim\/\"  \n\t\t\t\tclass=\"button btn_medium btn_theme_color btn_rounded     \"  target='_self'><span>Detayl\u0131 Bilgi<\/span><\/a><\/p>\n<p>[\/vc_column_text][\/vc_column][\/vc_row]<\/p>\n<\/section>","protected":false},"excerpt":{"rendered":"<p>[vc_row full_width=&#8221;stretch_row&#8221; parallax=&#8221;content-moving&#8221; parallax_image=&#8221;5628&#8243; css_animation=&#8221;fadeIn&#8221; boc_overlay_color=&#8221;rgba(204,33,74,0.9)&#8221; boc_with_gradient=&#8221;yes&#8221; boc_overlay_color2=&#8221;rgba(230,152,81,0.9)&#8221; boc_overlay_gradient_angle=&#8221;120deg&#8221; css=&#8221;.vc_custom_1748365076174{padding-top: 160px !important;padding-bottom: 140px !important;}&#8221;][vc_column el_class=&#8221;white_links&#8221;][vc_column_text] G\u00fcnl\u00fck site kontrol\u00fc ve temel destek hizmetleri. [\/vc_column_text][\/vc_column][\/vc_row][vc_row full_width=&#8221;stretch_row_content_no_spaces&#8221; equal_height=&#8221;yes&#8221; content_placement=&#8221;middle&#8221; css_animation=&#8221;fadeInRight&#8221; css=&#8221;.vc_custom_1748611635140{background-position: center !important;background-repeat: no-repeat !important;background-size: cover !important;}&#8221; el_class=&#8221;white_text&#8221;][vc_column css_animation=&#8221;fadeInLeft&#8221; width=&#8221;1\/2&#8243; css=&#8221;.vc_custom_1748611618878{padding-top: 10px !important;padding-right: 80px !important;padding-bottom: 80px !important;padding-left: 80px !important;background-color: rgba(0,0,0,0.85) !important;*background-color: rgb(0,0,0) !important;}&#8221; el_class=&#8221;center&#8221;][vc_column_text css_animation=&#8221;boc_animate_when_almost_visible boc_zoom&#8221; css=&#8221;.vc_custom_1748602492922{margin-bottom: 0px&#8230;<\/p>\n","protected":false},"author":1,"featured_media":0,"parent":0,"menu_order":0,"comment_status":"closed","ping_status":"closed","template":"","meta":{"_joinchat":[],"footnotes":""},"class_list":["post-5876","page","type-page","status-publish","hentry"],"aioseo_notices":[],"_links":{"self":[{"href":"https:\/\/www.argsiteyonetimi.com\/index.php\/wp-json\/wp\/v2\/pages\/5876","targetHints":{"allow":["GET"]}}],"collection":[{"href":"https:\/\/www.argsiteyonetimi.com\/index.php\/wp-json\/wp\/v2\/pages"}],"about":[{"href":"https:\/\/www.argsiteyonetimi.com\/index.php\/wp-json\/wp\/v2\/types\/page"}],"author":[{"embeddable":true,"href":"https:\/\/www.argsiteyonetimi.com\/index.php\/wp-json\/wp\/v2\/users\/1"}],"replies":[{"embeddable":true,"href":"https:\/\/www.argsiteyonetimi.com\/index.php\/wp-json\/wp\/v2\/comments?post=5876"}],"version-history":[{"count":10,"href":"https:\/\/www.argsiteyonetimi.com\/index.php\/wp-json\/wp\/v2\/pages\/5876\/revisions"}],"predecessor-version":[{"id":5886,"href":"https:\/\/www.argsiteyonetimi.com\/index.php\/wp-json\/wp\/v2\/pages\/5876\/revisions\/5886"}],"wp:attachment":[{"href":"https:\/\/www.argsiteyonetimi.com\/index.php\/wp-json\/wp\/v2\/media?parent=5876"}],"curies":[{"name":"wp","href":"https:\/\/api.w.org\/{rel}","templated":true}]}}