{"id":5814,"date":"2025-05-29T16:58:05","date_gmt":"2025-05-29T16:58:05","guid":{"rendered":"https:\/\/www.argsiteyonetimi.com\/?page_id=5814"},"modified":"2025-05-29T17:09:37","modified_gmt":"2025-05-29T17:09:37","slug":"hakkimizda","status":"publish","type":"page","link":"https:\/\/www.argsiteyonetimi.com\/index.php\/hakkimizda\/","title":{"rendered":"Hakk\u0131m\u0131zda"},"content":{"rendered":"<section class=\"wpb-content-wrapper\"><p>[vc_row full_width=&#8221;stretch_row&#8221; parallax=&#8221;content-moving&#8221; parallax_image=&#8221;5628&#8243; css_animation=&#8221;fadeIn&#8221; boc_overlay_color=&#8221;rgba(204,33,74,0.9)&#8221; boc_with_gradient=&#8221;yes&#8221; boc_overlay_color2=&#8221;rgba(230,152,81,0.9)&#8221; boc_overlay_gradient_angle=&#8221;120deg&#8221; css=&#8221;.vc_custom_1748365076174{padding-top: 160px !important;padding-bottom: 140px !important;}&#8221;][vc_column el_class=&#8221;white_links&#8221;]<div class=\"boc_heading uppercase letter_spacing_big center  boc_animate_when_almost_visible boc_top-to-bottom bold_weight\"  style=\"color: #f8e6d6;font-size: 15px;\"  data-css_delay=500><span>ARG Profesyonel Site ve Apartman Y\u00f6netimi<\/span><\/div><div class=\"boc_spacing \" style=\"height: 10px\"><\/div><h2 class=\"boc_heading  center  cd-headline loading-bar i_f600 text_10_on_mobile  boc_animate_when_almost_visible boc_right-to-left thin_weight\"  style=\"color: #ffffff;font-size: 45px;line-height: 1.1em;\"  data-css_delay=600><span><b>Huzurlu Ya\u015fam Alanlar\u0131 \u0130\u00e7in G\u00fcvenilir \u00c7\u00f6z\u00fcm Orta\u011f\u0131n\u0131z<\/b><b>Huzurlu Ya\u015fam Alanlar\u0131 \u0130\u00e7in G\u00fcvenilir \u00c7\u00f6z\u00fcm Orta\u011f\u0131n\u0131z<\/b><b>Huzurlu Ya\u015fam Alanlar\u0131 \u0130\u00e7in G\u00fcvenilir \u00c7\u00f6z\u00fcm Orta\u011f\u0131n\u0131z<\/b><b>Huzurlu Ya\u015fam Alanlar\u0131 \u0130\u00e7in G\u00fcvenilir \u00c7\u00f6z\u00fcm Orta\u011f\u0131n\u0131z<\/b><\/span><\/h2>[vc_column_text css_animation=&#8221;boc_animate_when_almost_visible boc_zoom&#8221;]<\/p>\n<p style=\"text-align: center;\"><span style=\"color: #ffffff;\">Sekt\u00f6rdeki k\u00f6kl\u00fc ge\u00e7mi\u015fimiz ve uzman kadromuzla, toplu ya\u015fam alanlar\u0131n\u0131zda \u015feffaf, sistemli ve s\u00fcrd\u00fcr\u00fclebilir y\u00f6netim sunuyoruz. Huzur ve d\u00fczen art\u0131k profesyonel ellerde!<\/span><\/p>\n<p>[\/vc_column_text]<div class=\"boc_spacing \" style=\"height: 30px\"><\/div><a\thref=\"tel:05323227486\u202c\"  \n\t\t\t\tclass=\"button btn_medium btn_plum btn_rounded btn_normal_style icon_pos_before btn_icon_anim_in boc_animate_when_almost_visible boc_zoom \"  target='_self'> <i class='icon fa fa-volume-control-phone'><\/i> <span>Bizimle \u0130leti\u015fime Ge\u00e7in<\/span><\/a>[\/vc_column][\/vc_row][vc_row full_width=&#8221;stretch_row_content_no_spaces&#8221; equal_height=&#8221;yes&#8221;][vc_column width=&#8221;1\/2&#8243; css=&#8221;.vc_custom_1748537178784{padding-top: 20px !important;padding-right: 20px !important;padding-bottom: 20px !important;padding-left: 20px !important;background-image: url(http:\/\/www.argsiteyonetimi.com\/wp-content\/uploads\/2025\/05\/arg-1.jpg?id=5821) !important;background-position: 0 0 !important;background-repeat: repeat !important;}&#8221;][\/vc_column][vc_column width=&#8221;1\/2&#8243; css=&#8221;.vc_custom_1748452589054{padding-top: 20px !important;padding-right: 16% !important;padding-left: 16% !important;background-color: #f9f9f9 !important;}&#8221;]<h3 class=\"boc_heading  al_left  text_15_on_mobile   regular_weight\"  style=\"margin-bottom: 26px;color: #3a3a3a;font-size: 23px;\" ><span>ARG Site Y\u00f6netimi<\/span><\/h3>[vc_column_text]<\/p>\n<p data-start=\"349\" data-end=\"733\">Toplu ya\u015fam alanlar\u0131n\u0131n artmas\u0131yla birlikte, apartman ve site gibi ortak ya\u015fam alanlar\u0131nda d\u00fczenli, g\u00fcvenli ve huzurlu bir ya\u015fam\u0131n s\u00fcrd\u00fcr\u00fclebilmesi i\u00e7in profesyonel y\u00f6netime duyulan ihtiya\u00e7 her ge\u00e7en g\u00fcn daha da artmaktad\u0131r. Ortak alanlar\u0131n payla\u015f\u0131m\u0131, aidat takibi, teknik bak\u0131m, temizlik, g\u00fcvenlik ve hukuki s\u00fcre\u00e7ler gibi pek \u00e7ok konuda disiplinli bir y\u00f6netim anlay\u0131\u015f\u0131 gerekmektedir.<\/p>\n<p data-start=\"735\" data-end=\"916\"><strong data-start=\"735\" data-end=\"750\">ARG Y\u00f6netim<\/strong> olarak, t\u00fcm hukuki sorumlulu\u011fu \u00fcstlenebilen, kendine g\u00fcvenen ve alan\u0131nda uzman kadromuzla, bu y\u00f6netsel ihtiya\u00e7lara etkin, h\u0131zl\u0131 ve s\u00fcrd\u00fcr\u00fclebilir \u00e7\u00f6z\u00fcmler sunuyoruz.<\/p>\n<p data-start=\"918\" data-end=\"1362\">8 y\u0131ll\u0131k tecr\u00fcbemiz, \u00e7\u00f6z\u00fcm ortaklar\u0131m\u0131zla kurdu\u011fumuz g\u00fc\u00e7l\u00fc i\u015f birliklerimiz ve uluslararas\u0131 standartlara uygun hizmet anlay\u0131\u015f\u0131m\u0131z ile kaliteyi, \u015feffafl\u0131\u011f\u0131, d\u00fcr\u00fcstl\u00fc\u011f\u00fc ve hukuka uygunlu\u011fu temel ilke ediniyoruz. S\u00fcrekli geli\u015fen, teknolojiye uyum sa\u011flayan ve m\u00fc\u015fteri memnuniyetini \u00f6n planda tutan yap\u0131m\u0131z sayesinde, her projeye \u00f6zel en do\u011fru kanallarla en uygun \u00e7\u00f6z\u00fcm ve de\u011fer \u00f6nerilerini sunan <strong data-start=\"1310\" data-end=\"1362\">yenilik\u00e7i, \u00f6zg\u00fcn ve \u00f6nc\u00fc bir y\u00f6netim firmas\u0131y\u0131z.<\/strong><\/p>\n<p>[\/vc_column_text][\/vc_column][\/vc_row][vc_row][vc_column width=&#8221;1\/2&#8243;]<h3 class=\"boc_heading  al_left   inherit_weight\"  style=\"color: #333;\" ><span>Misyonumuz<\/span><\/h3>[vc_column_text]<\/p>\n<p data-start=\"1385\" data-end=\"1603\">ARG Y\u00f6netim olarak misyonumuz; profesyonel yakla\u015f\u0131m\u0131m\u0131z\u0131 bilgi ve deneyimle birle\u015ftirerek, apartman ve site sakinlerine ayr\u0131cal\u0131kl\u0131 bir ya\u015fam alan\u0131 sunmak, daha <strong data-start=\"1546\" data-end=\"1578\">\u015feffaf, huzurlu ve g\u00fcvenilir<\/strong> bir ortam olu\u015fturmakt\u0131r.<\/p>\n<p data-start=\"1605\" data-end=\"1916\">Amac\u0131m\u0131z; y\u00f6netti\u011fimiz her projede kat maliklerinin memnuniyetini en \u00fcst d\u00fczeye \u00e7\u0131karmak, ya\u015fam alanlar\u0131n\u0131 daha s\u00fcrd\u00fcr\u00fclebilir, sistemli ve \u00e7a\u011fda\u015f bir yap\u0131ya kavu\u015fturmakt\u0131r. Bu do\u011frultuda, sadece mevcut sorunlara \u00e7\u00f6z\u00fcm \u00fcretmekle kalm\u0131yor, ayn\u0131 zamanda gelece\u011fe d\u00f6n\u00fck proaktif ad\u0131mlarla y\u00f6netime de\u011fer kat\u0131yoruz.<\/p>\n<p>[\/vc_column_text][\/vc_column][vc_column width=&#8221;1\/2&#8243; css=&#8221;.vc_custom_1748538274269{padding-top: 20px !important;padding-right: 20px !important;padding-bottom: 20px !important;padding-left: 20px !important;background-position: 0 0 !important;background-repeat: repeat !important;}&#8221;][vc_single_image image=&#8221;5628&#8243;][\/vc_column][\/vc_row][vc_row full_width=&#8221;stretch_row&#8221; css=&#8221;.vc_custom_1748453144731{padding-top: 20px !important;padding-bottom: 20px !important;background-image: url(http:\/\/blueowlcreative.com\/wp\/alea_export\/wp-content\/uploads\/2016\/10\/white_mountains2.jpg?id=1194) !important;}&#8221;][vc_column]<h2 class=\"boc_heading  al_left   inherit_weight\"  style=\"color: #333;\" ><span>Gelece\u011fe <strong>birlikte<\/strong> y\u00fcr\u00fcyelim.<\/span><\/h2>[vc_column_text]<\/p>\n<p style=\"text-align: center;\">ARG Y\u00f6netim olarak, ya\u015fam alanlar\u0131n\u0131z\u0131 sadece y\u00f6netmekle kalm\u0131yor, ayn\u0131 zamanda size huzur ve g\u00fcven sunan bir ya\u015fam ortam\u0131 yarat\u0131yoruz. Siz de\u011ferli sakinlerimizin memnuniyeti ve g\u00fcveni bizim en b\u00fcy\u00fck motivasyonumuzdur.<br data-start=\"356\" data-end=\"359\" \/>Her zaman \u015feffaf, adil ve \u00e7\u00f6z\u00fcm odakl\u0131 yakla\u015f\u0131m\u0131m\u0131zla yan\u0131n\u0131zda olmaya devam edece\u011fiz.<\/p>\n<p>[\/vc_column_text]<div class=\"boc_spacing \" style=\"height: 40px\"><\/div>[\/vc_column][\/vc_row][vc_row full_width=&#8221;stretch_row_content_no_spaces&#8221;][vc_column width=&#8221;1\/3&#8243; css=&#8221;.vc_custom_1478004613522{padding-top: 10px !important;background-color: #695645 !important;}&#8221;][\/vc_column][vc_column width=&#8221;1\/3&#8243; css=&#8221;.vc_custom_1478004490409{padding-top: 10px !important;background-color: #947960 !important;}&#8221;][\/vc_column][vc_column width=&#8221;1\/3&#8243; css=&#8221;.vc_custom_1477992519632{padding-top: 10px !important;background-color: #f3ba83 !important;}&#8221;][\/vc_column][\/vc_row]<\/p>\n<\/section>","protected":false},"excerpt":{"rendered":"<p>[vc_row full_width=&#8221;stretch_row&#8221; parallax=&#8221;content-moving&#8221; parallax_image=&#8221;5628&#8243; css_animation=&#8221;fadeIn&#8221; boc_overlay_color=&#8221;rgba(204,33,74,0.9)&#8221; boc_with_gradient=&#8221;yes&#8221; boc_overlay_color2=&#8221;rgba(230,152,81,0.9)&#8221; boc_overlay_gradient_angle=&#8221;120deg&#8221; css=&#8221;.vc_custom_1748365076174{padding-top: 160px !important;padding-bottom: 140px !important;}&#8221;][vc_column el_class=&#8221;white_links&#8221;][vc_column_text css_animation=&#8221;boc_animate_when_almost_visible boc_zoom&#8221;] Sekt\u00f6rdeki k\u00f6kl\u00fc ge\u00e7mi\u015fimiz ve uzman kadromuzla, toplu ya\u015fam alanlar\u0131n\u0131zda \u015feffaf, sistemli ve s\u00fcrd\u00fcr\u00fclebilir y\u00f6netim sunuyoruz. Huzur ve d\u00fczen art\u0131k profesyonel ellerde! [\/vc_column_text][\/vc_column][\/vc_row][vc_row full_width=&#8221;stretch_row_content_no_spaces&#8221; equal_height=&#8221;yes&#8221;][vc_column width=&#8221;1\/2&#8243; css=&#8221;.vc_custom_1748537178784{padding-top: 20px !important;padding-right: 20px !important;padding-bottom: 20px !important;padding-left: 20px !important;background-image: url(http:\/\/www.argsiteyonetimi.com\/wp-content\/uploads\/2025\/05\/arg-1.jpg?id=5821) !important;background-position: 0 0&#8230;<\/p>\n","protected":false},"author":1,"featured_media":0,"parent":0,"menu_order":0,"comment_status":"closed","ping_status":"closed","template":"","meta":{"_joinchat":[],"footnotes":""},"class_list":["post-5814","page","type-page","status-publish","hentry"],"aioseo_notices":[],"_links":{"self":[{"href":"https:\/\/www.argsiteyonetimi.com\/index.php\/wp-json\/wp\/v2\/pages\/5814","targetHints":{"allow":["GET"]}}],"collection":[{"href":"https:\/\/www.argsiteyonetimi.com\/index.php\/wp-json\/wp\/v2\/pages"}],"about":[{"href":"https:\/\/www.argsiteyonetimi.com\/index.php\/wp-json\/wp\/v2\/types\/page"}],"author":[{"embeddable":true,"href":"https:\/\/www.argsiteyonetimi.com\/index.php\/wp-json\/wp\/v2\/users\/1"}],"replies":[{"embeddable":true,"href":"https:\/\/www.argsiteyonetimi.com\/index.php\/wp-json\/wp\/v2\/comments?post=5814"}],"version-history":[{"count":9,"href":"https:\/\/www.argsiteyonetimi.com\/index.php\/wp-json\/wp\/v2\/pages\/5814\/revisions"}],"predecessor-version":[{"id":5827,"href":"https:\/\/www.argsiteyonetimi.com\/index.php\/wp-json\/wp\/v2\/pages\/5814\/revisions\/5827"}],"wp:attachment":[{"href":"https:\/\/www.argsiteyonetimi.com\/index.php\/wp-json\/wp\/v2\/media?parent=5814"}],"curies":[{"name":"wp","href":"https:\/\/api.w.org\/{rel}","templated":true}]}}