{"id":5783,"date":"2025-05-29T14:45:18","date_gmt":"2025-05-29T14:45:18","guid":{"rendered":"https:\/\/www.argsiteyonetimi.com\/?page_id=5783"},"modified":"2025-06-10T11:09:40","modified_gmt":"2025-06-10T11:09:40","slug":"site-ve-apartman-yonetimi","status":"publish","type":"page","link":"https:\/\/www.argsiteyonetimi.com\/index.php\/site-ve-apartman-yonetimi\/","title":{"rendered":"Site ve Apartman Y\u00f6netimi"},"content":{"rendered":"<section class=\"wpb-content-wrapper\"><p>[vc_row full_width=&#8221;stretch_row&#8221; parallax=&#8221;content-moving&#8221; parallax_image=&#8221;5628&#8243; css_animation=&#8221;fadeIn&#8221; boc_overlay_color=&#8221;rgba(204,33,74,0.9)&#8221; boc_with_gradient=&#8221;yes&#8221; boc_overlay_color2=&#8221;rgba(230,152,81,0.9)&#8221; boc_overlay_gradient_angle=&#8221;120deg&#8221; css=&#8221;.vc_custom_1748365076174{padding-top: 160px !important;padding-bottom: 140px !important;}&#8221;][vc_column el_class=&#8221;white_links&#8221;]<div class=\"boc_heading uppercase letter_spacing_big center  boc_animate_when_almost_visible boc_top-to-bottom bold_weight\"  style=\"color: #f8e6d6;font-size: 15px;\"  data-css_delay=500><span>ARG Site ve Apartman Y\u00f6netimi<\/span><\/div><div class=\"boc_spacing \" style=\"height: 10px\"><\/div><h2 class=\"boc_heading  center  cd-headline loading-bar i_f600 text_10_on_mobile  boc_animate_when_almost_visible boc_right-to-left thin_weight\"  style=\"color: #ffffff;font-size: 45px;line-height: 1.1em;\"  data-css_delay=600><span><b>D\u00fczenli y\u00f6netim, huzurlu ya\u015fam alanlar\u0131<\/b><b>D\u00fczenli y\u00f6netim, huzurlu ya\u015fam alanlar\u0131<\/b><b>D\u00fczenli y\u00f6netim, huzurlu ya\u015fam alanlar\u0131<\/b><b>D\u00fczenli y\u00f6netim, huzurlu ya\u015fam alanlar\u0131<\/b><\/span><\/h2>[vc_column_text]<\/p>\n<article class=\"text-token-text-primary w-full\" dir=\"auto\" data-testid=\"conversation-turn-38\" data-scroll-anchor=\"true\">\n<div class=\"text-base my-auto mx-auto py-5 [--thread-content-margin:--spacing(4)] @[37rem]:[--thread-content-margin:--spacing(6)] @[72rem]:[--thread-content-margin:--spacing(16)] px-(--thread-content-margin)\">\n<div class=\"[--thread-content-max-width:32rem] @[34rem]:[--thread-content-max-width:40rem] @[64rem]:[--thread-content-max-width:48rem] mx-auto flex max-w-(--thread-content-max-width) flex-1 text-base gap-4 md:gap-5 lg:gap-6 group\/turn-messages focus-visible:outline-hidden\" tabindex=\"-1\">\n<div class=\"group\/conversation-turn relative flex w-full min-w-0 flex-col agent-turn\">\n<div class=\"relative flex-col gap-1 md:gap-3\">\n<div class=\"flex max-w-full flex-col grow\">\n<div class=\"min-h-8 text-message relative flex w-full flex-col items-end gap-2 text-start break-words whitespace-normal [.text-message+&amp;]:mt-5\" dir=\"auto\" data-message-author-role=\"assistant\" data-message-id=\"6c33fb2c-c3a3-4bcb-a0d5-037c0d09fcd6\" data-message-model-slug=\"gpt-4-1-mini\">\n<div class=\"flex w-full flex-col gap-1 empty:hidden first:pt-[3px]\">\n<div class=\"markdown prose dark:prose-invert w-full break-words dark\">\n<p style=\"text-align: center;\" data-start=\"80\" data-end=\"211\" data-is-last-node=\"\" data-is-only-node=\"\"><span style=\"color: #ffffff;\">Apartman ve Siteler\u2019de t\u00fcm idari, mali, teknik ve sosyal s\u00fcre\u00e7ler profesyonelce y\u00f6netilir; \u015feffafl\u0131k, s\u00fcrd\u00fcr\u00fclebilirlik ve memnuniyet esas al\u0131n\u0131r.<\/span><\/p>\n<\/div>\n<\/div>\n<\/div>\n<\/div>\n<\/div>\n<\/div>\n<\/div>\n<\/div>\n<\/article>\n<p>[\/vc_column_text]<div class=\"boc_spacing \" style=\"height: 30px\"><\/div><a\thref=\"tel:05323227486\u202c\"  \n\t\t\t\tclass=\"button btn_medium btn_plum btn_rounded btn_normal_style icon_pos_before btn_icon_anim_in boc_animate_when_almost_visible boc_zoom \"  target='_self'> <i class='icon fa fa-volume-control-phone'><\/i> <span>Bizimle \u0130leti\u015fime Ge\u00e7in<\/span><\/a>[\/vc_column][\/vc_row][vc_row full_width=&#8221;stretch_row_content_no_spaces&#8221; equal_height=&#8221;yes&#8221;][vc_column width=&#8221;1\/2&#8243; css=&#8221;.vc_custom_1477993868393{padding-top: 13% !important;padding-right: 16% !important;padding-bottom: 13% !important;padding-left: 16% !important;background-color: #f9f9f9 !important;}&#8221;]<h3 class=\"boc_heading  al_left  text_15_on_mobile   regular_weight\"  style=\"margin-bottom: 26px;color: #3a3a3a;font-size: 23px;\" ><span>Site ve Apartman Y\u00f6netimi<br \/>\n<\/span><\/h3>[vc_column_text]<\/p>\n<p data-start=\"203\" data-end=\"518\">Toplu ya\u015fam alanlar\u0131n\u0131n y\u00f6netimi, zaman, sab\u0131r ve uzmanl\u0131k gerektiren karma\u015f\u0131k bir i\u015ftir. Apartman veya site y\u00f6netimi; \u00e7al\u0131\u015fan maa\u015flar\u0131 ve sigortas\u0131ndan ortak alan temizli\u011fi, \u00e7evre bak\u0131m\u0131 ve boya badana i\u015flerine, otoparktan di\u011fer ortak kullan\u0131m alanlar\u0131na kadar geni\u015f bir sorumluluk alan\u0131n\u0131 kapsar. Profesyonel bir y\u00f6netimle, hem hukuki riskler minimize edilir hem de sakinlere huzurlu bir ya\u015fam alan\u0131 sunulur.<\/p>\n<p>[\/vc_column_text][\/vc_column][vc_column width=&#8221;1\/2&#8243; css=&#8221;.vc_custom_1748530162818{padding-top: 50px !important;padding-bottom: 50px !important;background-image: url(http:\/\/www.argsiteyonetimi.com\/wp-content\/uploads\/2025\/05\/multifamilypropertyimage2.jpg?id=5628) !important;background-position: 0 0 !important;background-repeat: repeat !important;}&#8221;][\/vc_column][\/vc_row][vc_row][vc_column]<div class=\"boc_spacing \" style=\"height: 40px\"><\/div><h2 class=\"boc_heading  center  cd-headline loading-bar i_f600 text_10_on_mobile  boc_animate_when_almost_visible boc_right-to-left thin_weight\"  style=\"color: #3d3d3d;font-size: 25px;line-height: 1.1em;\"  data-css_delay=600><span>Sundu\u011fumuz <b>Site ve Apartman Y\u00f6netim<\/b><b>Site ve Apartman Y\u00f6netim<\/b> Hizmetleri<\/span><\/h2>[\/vc_column][\/vc_row][vc_row gap=&#8221;35&#8243; css=&#8221;.vc_custom_1748454502121{margin-top: 20px !important;margin-bottom: 0px !important;}&#8221;][vc_column width=&#8221;1\/2&#8243;]<div id=\"top_icon_box_21588\" class=\"top_icon_box type7 alt_style \"><div class=\"icon_holder\"><div class=\"icon_bgr\"><\/div><div class=\"icon_center\"><i class=\"boc_i-edit\"><\/i><\/div><\/div><h3>Profesyonel Y\u00f6netim ve Hukuki Destek Hizmetlerimiz<\/h3><p><\/p>\n<p data-start=\"210\" data-end=\"384\">Toplu ya\u015fam alanlar\u0131nda sa\u011fl\u0131kl\u0131 ve huzurlu bir y\u00f6netim i\u00e7in profesyonel destek \u015fartt\u0131r. ARG Y\u00f6netim olarak, hem y\u00f6netsel hem de hukuki alanlarda kapsaml\u0131 \u00e7\u00f6z\u00fcmler sunuyoruz.<\/p>\n<h3 data-start=\"386\" data-end=\"411\">Sundu\u011fumuz Hizmetler:<\/h3>\n<ul>\n<li data-start=\"415\" data-end=\"562\"><strong data-start=\"415\" data-end=\"437\">Personel Y\u00f6netimi:<\/strong> Kap\u0131c\u0131, temizlik, g\u00fcvenlik ve teknik personelin maa\u015f, sigorta, izin ve tazminat i\u015flemleri eksiksiz ve zaman\u0131nda y\u00fcr\u00fct\u00fcl\u00fcr.<\/li>\n<li data-start=\"565\" data-end=\"703\"><strong data-start=\"565\" data-end=\"595\">Aidat Tahsilat\u0131 ve Takibi:<\/strong> D\u00fczenli aidat tahsilat\u0131 sa\u011flan\u0131r; gecikme durumlar\u0131nda yasal s\u00fcre\u00e7ler h\u0131zl\u0131 ve etkili \u015fekilde ba\u015flat\u0131l\u0131r.<\/li>\n<li data-start=\"706\" data-end=\"893\"><strong data-start=\"706\" data-end=\"747\">Genel Kurul ve Y\u00f6netim Organizasyonu:<\/strong> Y\u00f6netim planlar\u0131n\u0131n haz\u0131rlanmas\u0131, genel kurul toplant\u0131lar\u0131n\u0131n d\u00fczenlenmesi, karar al\u0131nmas\u0131 ve y\u00f6netici atama s\u00fcre\u00e7leri profesyonelce y\u00fcr\u00fct\u00fcl\u00fcr.<\/li>\n<li data-start=\"896\" data-end=\"1057\"><strong data-start=\"896\" data-end=\"914\">Hukuki Destek:<\/strong> Kat M\u00fclkiyeti Kanunu, sosyal g\u00fcvenlik mevzuat\u0131 ve di\u011fer ilgili yasal d\u00fczenlemelere uygun hareket edilerek ceza ve yapt\u0131r\u0131mlar\u0131n \u00f6n\u00fcne ge\u00e7ilir.<\/li>\n<\/ul>\n<p><\/p><i class=\"back_icon boc_i-edit\"><\/i><\/div>[\/vc_column][vc_column width=&#8221;1\/2&#8243;]<div id=\"top_icon_box_55107\" class=\"top_icon_box type7 alt_style \"><div class=\"icon_holder\"><div class=\"icon_bgr\"><\/div><div class=\"icon_center\"><i class=\"boc_i-edit\"><\/i><\/div><\/div><h3>Bak\u0131m, Onar\u0131m ve Finansal Y\u00f6netimde \u015eeffafl\u0131k<\/h3><p><\/p>\n<p data-start=\"1122\" data-end=\"1289\">Toplu ya\u015fam alanlar\u0131n\u0131n fiziksel ve mali ihtiya\u00e7lar\u0131n\u0131n do\u011fru y\u00f6netilmesi, ya\u015fam kalitesini do\u011frudan etkiler. ARG Y\u00f6netim, bu alanda kapsaml\u0131 ve titiz hizmetler sunar.<\/p>\n<h3 data-start=\"1291\" data-end=\"1316\">Sundu\u011fumuz Hizmetler:<\/h3>\n<ul>\n<li data-start=\"1320\" data-end=\"1483\"><strong data-start=\"1320\" data-end=\"1359\">Bak\u0131m, Onar\u0131m ve \u00c7evre D\u00fczenlemesi:<\/strong> Ortak alanlar\u0131n boya, tamirat, bah\u00e7e ve \u00e7evre d\u00fczenlemeleri d\u00fczenli olarak planlan\u0131r ve uzman ekiplerce ger\u00e7ekle\u015ftirilir.<\/li>\n<li data-start=\"1486\" data-end=\"1642\"><strong data-start=\"1486\" data-end=\"1514\">\u015eeffaf Finansal Y\u00f6netim:<\/strong> Gelir-gider takibi ve raporlama s\u00fcre\u00e7leri eksiksiz yap\u0131l\u0131r; hesap verme y\u00fck\u00fcml\u00fcl\u00fckleri tamamen \u015feffaf \u015fekilde yerine getirilir.<\/li>\n<\/ul>\n<p><\/p><i class=\"back_icon boc_i-edit\"><\/i><\/div>[\/vc_column][\/vc_row][vc_row full_width=&#8221;stretch_row&#8221; css=&#8221;.vc_custom_1748454534278{padding-top: 50px !important;padding-bottom: 50px !important;background-image: url(http:\/\/blueowlcreative.com\/wp\/alea_export\/wp-content\/uploads\/2016\/10\/white_mountains2.jpg?id=1194) !important;}&#8221;][vc_column][vc_column_text]<\/p>\n<p style=\"text-align: center;\">Site ve apartman y\u00f6netimi, sorumluluklar\u0131 \u00e7ok fazla olan zorlu bir g\u00f6revdir. Zaman\u0131n\u0131z\u0131 ve enerjinizi kendi ailenize ay\u0131rabilmeniz i\u00e7in bu i\u015fleri uzman ve g\u00fcvenilir profesyonellere b\u0131rakmak en do\u011fru karard\u0131r. ARG Y\u00f6netim ailesi olarak, sizlere hukuki g\u00fcvence ve profesyonel hizmet anlay\u0131\u015f\u0131yla destek veriyor, huzurlu ve sorunsuz bir ya\u015fam alan\u0131 sa\u011fl\u0131yoruz.<\/p>\n<p>&nbsp;<\/p>\n<p style=\"text-align: center;\"><a\thref=\"https:\/\/www.argsiteyonetimi.com\/index.php\/iletisim\/\"  \n\t\t\t\tclass=\"button btn_medium btn_theme_color btn_rounded     \"  target='_self'><span>Detayl\u0131 Bilgi<\/span><\/a><\/p>\n<p>[\/vc_column_text][\/vc_column][\/vc_row][vc_row full_width=&#8221;stretch_row_content_no_spaces&#8221;][vc_column width=&#8221;1\/3&#8243; css=&#8221;.vc_custom_1478004613522{padding-top: 10px !important;background-color: #695645 !important;}&#8221;][\/vc_column][vc_column width=&#8221;1\/3&#8243; css=&#8221;.vc_custom_1478004490409{padding-top: 10px !important;background-color: #947960 !important;}&#8221;][\/vc_column][vc_column width=&#8221;1\/3&#8243; css=&#8221;.vc_custom_1477992519632{padding-top: 10px !important;background-color: #f3ba83 !important;}&#8221;][\/vc_column][\/vc_row]<\/p>\n<\/section>","protected":false},"excerpt":{"rendered":"<p>[vc_row full_width=&#8221;stretch_row&#8221; parallax=&#8221;content-moving&#8221; parallax_image=&#8221;5628&#8243; css_animation=&#8221;fadeIn&#8221; boc_overlay_color=&#8221;rgba(204,33,74,0.9)&#8221; boc_with_gradient=&#8221;yes&#8221; boc_overlay_color2=&#8221;rgba(230,152,81,0.9)&#8221; boc_overlay_gradient_angle=&#8221;120deg&#8221; css=&#8221;.vc_custom_1748365076174{padding-top: 160px !important;padding-bottom: 140px !important;}&#8221;][vc_column el_class=&#8221;white_links&#8221;][vc_column_text] Apartman ve Siteler\u2019de t\u00fcm idari, mali, teknik ve sosyal s\u00fcre\u00e7ler profesyonelce y\u00f6netilir; \u015feffafl\u0131k, s\u00fcrd\u00fcr\u00fclebilirlik ve memnuniyet esas al\u0131n\u0131r. [\/vc_column_text][\/vc_column][\/vc_row][vc_row full_width=&#8221;stretch_row_content_no_spaces&#8221; equal_height=&#8221;yes&#8221;][vc_column width=&#8221;1\/2&#8243; css=&#8221;.vc_custom_1477993868393{padding-top: 13% !important;padding-right: 16% !important;padding-bottom: 13% !important;padding-left: 16% !important;background-color: #f9f9f9 !important;}&#8221;][vc_column_text] Toplu ya\u015fam alanlar\u0131n\u0131n y\u00f6netimi, zaman, sab\u0131r ve&#8230;<\/p>\n","protected":false},"author":1,"featured_media":0,"parent":0,"menu_order":0,"comment_status":"closed","ping_status":"closed","template":"","meta":{"_joinchat":[],"footnotes":""},"class_list":["post-5783","page","type-page","status-publish","hentry"],"aioseo_notices":[],"_links":{"self":[{"href":"https:\/\/www.argsiteyonetimi.com\/index.php\/wp-json\/wp\/v2\/pages\/5783","targetHints":{"allow":["GET"]}}],"collection":[{"href":"https:\/\/www.argsiteyonetimi.com\/index.php\/wp-json\/wp\/v2\/pages"}],"about":[{"href":"https:\/\/www.argsiteyonetimi.com\/index.php\/wp-json\/wp\/v2\/types\/page"}],"author":[{"embeddable":true,"href":"https:\/\/www.argsiteyonetimi.com\/index.php\/wp-json\/wp\/v2\/users\/1"}],"replies":[{"embeddable":true,"href":"https:\/\/www.argsiteyonetimi.com\/index.php\/wp-json\/wp\/v2\/comments?post=5783"}],"version-history":[{"count":6,"href":"https:\/\/www.argsiteyonetimi.com\/index.php\/wp-json\/wp\/v2\/pages\/5783\/revisions"}],"predecessor-version":[{"id":6033,"href":"https:\/\/www.argsiteyonetimi.com\/index.php\/wp-json\/wp\/v2\/pages\/5783\/revisions\/6033"}],"wp:attachment":[{"href":"https:\/\/www.argsiteyonetimi.com\/index.php\/wp-json\/wp\/v2\/media?parent=5783"}],"curies":[{"name":"wp","href":"https:\/\/api.w.org\/{rel}","templated":true}]}}