{"id":5776,"date":"2025-05-29T14:26:56","date_gmt":"2025-05-29T14:26:56","guid":{"rendered":"https:\/\/www.argsiteyonetimi.com\/?page_id=5776"},"modified":"2025-05-30T11:03:14","modified_gmt":"2025-05-30T11:03:14","slug":"personel-yonetimi-hizmetleri","status":"publish","type":"page","link":"https:\/\/www.argsiteyonetimi.com\/index.php\/personel-yonetimi-hizmetleri\/","title":{"rendered":"Personel Y\u00f6netimi Hizmetleri"},"content":{"rendered":"<section class=\"wpb-content-wrapper\"><p>[vc_row full_width=&#8221;stretch_row&#8221; parallax=&#8221;content-moving&#8221; parallax_image=&#8221;5628&#8243; css_animation=&#8221;fadeIn&#8221; boc_overlay_color=&#8221;rgba(204,33,74,0.9)&#8221; boc_with_gradient=&#8221;yes&#8221; boc_overlay_color2=&#8221;rgba(230,152,81,0.9)&#8221; boc_overlay_gradient_angle=&#8221;120deg&#8221; css=&#8221;.vc_custom_1748365076174{padding-top: 160px !important;padding-bottom: 140px !important;}&#8221;][vc_column el_class=&#8221;white_links&#8221;]<div class=\"boc_heading uppercase letter_spacing_big center  boc_animate_when_almost_visible boc_top-to-bottom bold_weight\"  style=\"color: #f8e6d6;font-size: 15px;\"  data-css_delay=500><span>ARG Personel Y\u00f6netimi Hizmetleri<\/span><\/div><div class=\"boc_spacing \" style=\"height: 10px\"><\/div><h2 class=\"boc_heading  center  cd-headline loading-bar i_f600 text_10_on_mobile  boc_animate_when_almost_visible boc_right-to-left thin_weight\"  style=\"color: #ffffff;font-size: 45px;line-height: 1.1em;\"  data-css_delay=600><span><b>Do\u011fru \u0130nsan, Do\u011fru \u0130\u015f, Do\u011fru Zaman!<\/b><b>Do\u011fru \u0130nsan, Do\u011fru \u0130\u015f, Do\u011fru Zaman!<\/b><b>Do\u011fru \u0130nsan, Do\u011fru \u0130\u015f, Do\u011fru Zaman!<\/b><b>Do\u011fru \u0130nsan, Do\u011fru \u0130\u015f, Do\u011fru Zaman!<\/b><\/span><\/h2>[vc_column_text]<\/p>\n<article class=\"text-token-text-primary w-full\" dir=\"auto\" data-testid=\"conversation-turn-38\" data-scroll-anchor=\"true\">\n<div class=\"text-base my-auto mx-auto py-5 [--thread-content-margin:--spacing(4)] @[37rem]:[--thread-content-margin:--spacing(6)] @[72rem]:[--thread-content-margin:--spacing(16)] px-(--thread-content-margin)\">\n<div class=\"[--thread-content-max-width:32rem] @[34rem]:[--thread-content-max-width:40rem] @[64rem]:[--thread-content-max-width:48rem] mx-auto flex max-w-(--thread-content-max-width) flex-1 text-base gap-4 md:gap-5 lg:gap-6 group\/turn-messages focus-visible:outline-hidden\" tabindex=\"-1\">\n<div class=\"group\/conversation-turn relative flex w-full min-w-0 flex-col agent-turn\">\n<div class=\"relative flex-col gap-1 md:gap-3\">\n<div class=\"flex max-w-full flex-col grow\">\n<div class=\"min-h-8 text-message relative flex w-full flex-col items-end gap-2 text-start break-words whitespace-normal [.text-message+&amp;]:mt-5\" dir=\"auto\" data-message-author-role=\"assistant\" data-message-id=\"6c33fb2c-c3a3-4bcb-a0d5-037c0d09fcd6\" data-message-model-slug=\"gpt-4-1-mini\">\n<div class=\"flex w-full flex-col gap-1 empty:hidden first:pt-[3px]\">\n<div class=\"markdown prose dark:prose-invert w-full break-words dark\">\n<p style=\"text-align: center;\" data-start=\"80\" data-end=\"211\" data-is-last-node=\"\" data-is-only-node=\"\"><span style=\"color: #ffffff;\">\u0130\u015fe al\u0131mdan vardiya planlamas\u0131na kadar t\u00fcm personel s\u00fcre\u00e7lerini profesyonelce y\u00f6netiyor, verimlili\u011fi ve i\u015f bar\u0131\u015f\u0131n\u0131 art\u0131r\u0131yoruz.<\/span><\/p>\n<\/div>\n<\/div>\n<\/div>\n<\/div>\n<\/div>\n<\/div>\n<\/div>\n<\/div>\n<\/article>\n<p>[\/vc_column_text]<div class=\"boc_spacing \" style=\"height: 30px\"><\/div><a\thref=\"tel:05323227486\u202c\"  \n\t\t\t\tclass=\"button btn_medium btn_plum btn_rounded btn_normal_style icon_pos_before btn_icon_anim_in boc_animate_when_almost_visible boc_zoom \"  target='_self'> <i class='icon fa fa-volume-control-phone'><\/i> <span>Bizimle \u0130leti\u015fime Ge\u00e7in<\/span><\/a>[\/vc_column][\/vc_row][vc_row full_width=&#8221;stretch_row_content_no_spaces&#8221; equal_height=&#8221;yes&#8221;][vc_column width=&#8221;1\/2&#8243; css=&#8221;.vc_custom_1477993868393{padding-top: 13% !important;padding-right: 16% !important;padding-bottom: 13% !important;padding-left: 16% !important;background-color: #f9f9f9 !important;}&#8221;]<h3 class=\"boc_heading  al_left  text_15_on_mobile   regular_weight\"  style=\"margin-bottom: 26px;color: #3a3a3a;font-size: 23px;\" ><span>Personel Y\u00f6netim Hizmetleri<br \/>\n<\/span><\/h3>[vc_column_text]<\/p>\n<p data-start=\"203\" data-end=\"518\">Site ve apartman y\u00f6netiminde g\u00f6rev alan personelin etkin, verimli ve yasalara uygun \u015fekilde \u00e7al\u0131\u015ft\u0131r\u0131lmas\u0131; hem y\u00f6netim hem de site sakinleri a\u00e7\u0131s\u0131ndan b\u00fcy\u00fck \u00f6nem ta\u015f\u0131maktad\u0131r. <strong data-start=\"375\" data-end=\"390\">ARG Y\u00f6netim<\/strong> olarak, site \u00e7al\u0131\u015fanlar\u0131n\u0131z\u0131n t\u00fcm \u00f6zl\u00fck i\u015flemleri, performans denetimleri ve g\u00f6rev y\u00f6netim s\u00fcre\u00e7lerini profesyonel bir anlay\u0131\u015fla \u00fcstleniyoruz.<\/p>\n<p>[\/vc_column_text][\/vc_column][vc_column width=&#8221;1\/2&#8243; css=&#8221;.vc_custom_1748528651052{padding-top: 50px !important;padding-bottom: 50px !important;background-image: url(http:\/\/www.argsiteyonetimi.com\/wp-content\/uploads\/2025\/05\/Personel-Yonetimi-Hizmetle.jpg?id=5689) !important;background-position: 0 0 !important;background-repeat: repeat !important;}&#8221;][\/vc_column][\/vc_row][vc_row][vc_column]<div class=\"boc_spacing \" style=\"height: 40px\"><\/div><h2 class=\"boc_heading  center  cd-headline loading-bar i_f600 text_10_on_mobile  boc_animate_when_almost_visible boc_right-to-left thin_weight\"  style=\"color: #3d3d3d;font-size: 25px;line-height: 1.1em;\"  data-css_delay=600><span>Sundu\u011fumuz <b>Personel Y\u00f6netim<\/b><b>Personel Y\u00f6netim<\/b> Hizmetleri<\/span><\/h2>[\/vc_column][\/vc_row][vc_row gap=&#8221;35&#8243; css=&#8221;.vc_custom_1748454502121{margin-top: 20px !important;margin-bottom: 0px !important;}&#8221;][vc_column width=&#8221;1\/2&#8243;]<div id=\"top_icon_box_144\" class=\"top_icon_box type7 alt_style \"><div class=\"icon_holder\"><div class=\"icon_bgr\"><\/div><div class=\"icon_center\"><i class=\"boc_i-edit\"><\/i><\/div><\/div><h3>S\u00f6zle\u015fme ve Yasal S\u00fcre\u00e7ler<\/h3><p><\/p>\n<ul>\n<li data-start=\"205\" data-end=\"356\">\n<p data-start=\"107\" data-end=\"360\"><strong data-start=\"107\" data-end=\"130\">S\u00f6zle\u015fme S\u00fcre\u00e7leri:<\/strong><br data-start=\"130\" data-end=\"133\" \/>\u2022 Kap\u0131c\u0131, kaloriferci, temizlik ve g\u00fcvenlik personeli ile t\u00fcm hizmet elemanlar\u0131n\u0131n s\u00f6zle\u015fmeleri yasal mevzuata uygun \u015fekilde haz\u0131rlan\u0131r.<br data-start=\"269\" data-end=\"272\" \/>\u2022 Ta\u015feron firmalarla yap\u0131lan s\u00f6zle\u015fmelerin kapsam\u0131 ve ge\u00e7erlili\u011fi titizlikle denetlenir.<\/p>\n<p data-start=\"362\" data-end=\"666\"><strong data-start=\"362\" data-end=\"395\">Yasal Y\u00fck\u00fcml\u00fcl\u00fcklerin Takibi:<\/strong><br data-start=\"395\" data-end=\"398\" \/>\u2022 \u0130\u015fe giri\u015f-\u00e7\u0131k\u0131\u015f, \u00f6zl\u00fck dosyalar\u0131, SGK bildirimleri, prim \u00f6demeleri, k\u0131dem\/ihbar tazminatlar\u0131, izin hakedi\u015fleri y\u00f6netilir.<br data-start=\"521\" data-end=\"524\" \/>\u2022 Konut Kap\u0131c\u0131lar\u0131 Y\u00f6netmeli\u011fi ve \u0130\u015f Kanunu\u2019na uygun hareket edilir.<br data-start=\"592\" data-end=\"595\" \/>\u2022 Emeklilik s\u00fcreci profesyonelce takip edilir, y\u00f6nlendirmeler sa\u011flan\u0131r.<\/p>\n<\/li>\n<\/ul>\n<p><\/p><i class=\"back_icon boc_i-edit\"><\/i><\/div>[\/vc_column][vc_column width=&#8221;1\/2&#8243;]<div id=\"top_icon_box_26683\" class=\"top_icon_box type7 alt_style \"><div class=\"icon_holder\"><div class=\"icon_bgr\"><\/div><div class=\"icon_center\"><i class=\"boc_i-edit\"><\/i><\/div><\/div><h3>G\u00f6rev Takibi ve Performans<\/h3><p><\/p>\n<p data-start=\"708\" data-end=\"870\"><strong data-start=\"708\" data-end=\"736\">G\u00f6rev Takibi ve Denetim:<\/strong><br data-start=\"736\" data-end=\"739\" \/>\u2022 Personel, g\u00f6rev tan\u0131mlar\u0131na uygun olarak denetlenir.<br data-start=\"793\" data-end=\"796\" \/>\u2022 Vardiya d\u00fczeni ve i\u015f disiplini takip edilir, g\u00fcnl\u00fck raporlamalar al\u0131n\u0131r.<\/p>\n<p data-start=\"872\" data-end=\"1060\"><strong data-start=\"872\" data-end=\"905\">Performans ve E\u011fitim Deste\u011fi:<\/strong><br data-start=\"905\" data-end=\"908\" \/>\u2022 Servis kalitesini art\u0131rmak i\u00e7in e\u011fitim ve rehberlik deste\u011fi sa\u011flan\u0131r.<br data-start=\"979\" data-end=\"982\" \/>\u2022 Hizmet i\u00e7i e\u011fitimlerle geli\u015fim desteklenir, performans sistemleri uygulan\u0131r.<\/p>\n<p data-start=\"1062\" data-end=\"1260\"><strong data-start=\"1062\" data-end=\"1095\">\u0130leti\u015fim ve Problem Y\u00f6netimi:<\/strong><br data-start=\"1095\" data-end=\"1098\" \/>\u2022 Sakinlerden gelen geri bildirimler h\u0131zla de\u011ferlendirilir, sorunlar \u00e7\u00f6z\u00fcl\u00fcr.<br data-start=\"1175\" data-end=\"1178\" \/>\u2022 Personel ile y\u00f6netim aras\u0131nda profesyonel ileti\u015fim sa\u011flanarak i\u015f bar\u0131\u015f\u0131 korunur.<\/p>\n<p><\/p><i class=\"back_icon boc_i-edit\"><\/i><\/div>[\/vc_column][\/vc_row][vc_row full_width=&#8221;stretch_row&#8221; css=&#8221;.vc_custom_1748454534278{padding-top: 50px !important;padding-bottom: 50px !important;background-image: url(http:\/\/blueowlcreative.com\/wp\/alea_export\/wp-content\/uploads\/2016\/10\/white_mountains2.jpg?id=1194) !important;}&#8221;][vc_column][vc_column_text]<\/p>\n<p style=\"text-align: center;\"><strong data-start=\"2203\" data-end=\"2218\">ARG Y\u00f6netim<\/strong> olarak amac\u0131m\u0131z; yasal s\u00fcre\u00e7leri eksiksiz y\u00fcr\u00fcten, g\u00f6revlerini bilin\u00e7li \u015fekilde yerine getiren, <strong data-start=\"2315\" data-end=\"2379\">profesyonel, g\u00fcvenilir ve hizmet odakl\u0131 bir personel kadrosu<\/strong> ile sizlere konforlu bir ya\u015fam alan\u0131 sunmakt\u0131r.<\/p>\n<p>&nbsp;<\/p>\n<p style=\"text-align: center;\"><a\thref=\"https:\/\/www.argsiteyonetimi.com\/index.php\/iletisim\/\"  \n\t\t\t\tclass=\"button btn_medium btn_theme_color btn_rounded     \"  target='_self'><span>Detayl\u0131 Bilgi<\/span><\/a><\/p>\n<p>[\/vc_column_text][\/vc_column][\/vc_row][vc_row full_width=&#8221;stretch_row_content_no_spaces&#8221;][vc_column width=&#8221;1\/3&#8243; css=&#8221;.vc_custom_1478004613522{padding-top: 10px !important;background-color: #695645 !important;}&#8221;][\/vc_column][vc_column width=&#8221;1\/3&#8243; css=&#8221;.vc_custom_1478004490409{padding-top: 10px !important;background-color: #947960 !important;}&#8221;][\/vc_column][vc_column width=&#8221;1\/3&#8243; css=&#8221;.vc_custom_1477992519632{padding-top: 10px !important;background-color: #f3ba83 !important;}&#8221;][\/vc_column][\/vc_row]<\/p>\n<\/section>","protected":false},"excerpt":{"rendered":"<p>[vc_row full_width=&#8221;stretch_row&#8221; parallax=&#8221;content-moving&#8221; parallax_image=&#8221;5628&#8243; css_animation=&#8221;fadeIn&#8221; boc_overlay_color=&#8221;rgba(204,33,74,0.9)&#8221; boc_with_gradient=&#8221;yes&#8221; boc_overlay_color2=&#8221;rgba(230,152,81,0.9)&#8221; boc_overlay_gradient_angle=&#8221;120deg&#8221; css=&#8221;.vc_custom_1748365076174{padding-top: 160px !important;padding-bottom: 140px !important;}&#8221;][vc_column el_class=&#8221;white_links&#8221;][vc_column_text] \u0130\u015fe al\u0131mdan vardiya planlamas\u0131na kadar t\u00fcm personel s\u00fcre\u00e7lerini profesyonelce y\u00f6netiyor, verimlili\u011fi ve i\u015f bar\u0131\u015f\u0131n\u0131 art\u0131r\u0131yoruz. [\/vc_column_text][\/vc_column][\/vc_row][vc_row full_width=&#8221;stretch_row_content_no_spaces&#8221; equal_height=&#8221;yes&#8221;][vc_column width=&#8221;1\/2&#8243; css=&#8221;.vc_custom_1477993868393{padding-top: 13% !important;padding-right: 16% !important;padding-bottom: 13% !important;padding-left: 16% !important;background-color: #f9f9f9 !important;}&#8221;][vc_column_text] Site ve apartman y\u00f6netiminde g\u00f6rev alan personelin etkin, verimli ve&#8230;<\/p>\n","protected":false},"author":1,"featured_media":0,"parent":0,"menu_order":0,"comment_status":"closed","ping_status":"closed","template":"","meta":{"_joinchat":[],"footnotes":""},"class_list":["post-5776","page","type-page","status-publish","hentry"],"aioseo_notices":[],"_links":{"self":[{"href":"https:\/\/www.argsiteyonetimi.com\/index.php\/wp-json\/wp\/v2\/pages\/5776","targetHints":{"allow":["GET"]}}],"collection":[{"href":"https:\/\/www.argsiteyonetimi.com\/index.php\/wp-json\/wp\/v2\/pages"}],"about":[{"href":"https:\/\/www.argsiteyonetimi.com\/index.php\/wp-json\/wp\/v2\/types\/page"}],"author":[{"embeddable":true,"href":"https:\/\/www.argsiteyonetimi.com\/index.php\/wp-json\/wp\/v2\/users\/1"}],"replies":[{"embeddable":true,"href":"https:\/\/www.argsiteyonetimi.com\/index.php\/wp-json\/wp\/v2\/comments?post=5776"}],"version-history":[{"count":3,"href":"https:\/\/www.argsiteyonetimi.com\/index.php\/wp-json\/wp\/v2\/pages\/5776\/revisions"}],"predecessor-version":[{"id":5860,"href":"https:\/\/www.argsiteyonetimi.com\/index.php\/wp-json\/wp\/v2\/pages\/5776\/revisions\/5860"}],"wp:attachment":[{"href":"https:\/\/www.argsiteyonetimi.com\/index.php\/wp-json\/wp\/v2\/media?parent=5776"}],"curies":[{"name":"wp","href":"https:\/\/api.w.org\/{rel}","templated":true}]}}