{"id":5767,"date":"2025-05-29T13:27:47","date_gmt":"2025-05-29T13:27:47","guid":{"rendered":"https:\/\/www.argsiteyonetimi.com\/?page_id=5767"},"modified":"2025-05-30T11:05:11","modified_gmt":"2025-05-30T11:05:11","slug":"temizlik-hizmetleri","status":"publish","type":"page","link":"https:\/\/www.argsiteyonetimi.com\/index.php\/temizlik-hizmetleri\/","title":{"rendered":"Temizlik Hizmetleri"},"content":{"rendered":"<section class=\"wpb-content-wrapper\"><p>[vc_row full_width=&#8221;stretch_row&#8221; parallax=&#8221;content-moving&#8221; parallax_image=&#8221;5628&#8243; css_animation=&#8221;fadeIn&#8221; boc_overlay_color=&#8221;rgba(204,33,74,0.9)&#8221; boc_with_gradient=&#8221;yes&#8221; boc_overlay_color2=&#8221;rgba(230,152,81,0.9)&#8221; boc_overlay_gradient_angle=&#8221;120deg&#8221; css=&#8221;.vc_custom_1748365076174{padding-top: 160px !important;padding-bottom: 140px !important;}&#8221;][vc_column el_class=&#8221;white_links&#8221;]<div class=\"boc_heading uppercase letter_spacing_big center  boc_animate_when_almost_visible boc_top-to-bottom bold_weight\"  style=\"color: #f8e6d6;font-size: 15px;\"  data-css_delay=500><span>ARG Temizlik Hizmetleri<\/span><\/div><div class=\"boc_spacing \" style=\"height: 10px\"><\/div><h2 class=\"boc_heading  center  cd-headline loading-bar i_f600 text_10_on_mobile  boc_animate_when_almost_visible boc_right-to-left thin_weight\"  style=\"color: #ffffff;font-size: 45px;line-height: 1.1em;\"  data-css_delay=600><span><b>Temiz Alanlar, Huzurlu Ya\u015famlar<\/b><b>Temiz Alanlar, Huzurlu Ya\u015famlar<\/b><b>Temiz Alanlar, Huzurlu Ya\u015famlar<\/b><b>Temiz Alanlar, Huzurlu Ya\u015famlar<\/b><\/span><\/h2>[vc_column_text]<\/p>\n<p style=\"text-align: center;\"><span style=\"color: #ffffff;\">Ortak alanlarda hijyen ve d\u00fczeni sa\u011fl\u0131yor, ya\u015fam alanlar\u0131n\u0131za temizlikle de\u011fer kat\u0131yoruz.<\/span><\/p>\n<article class=\"text-token-text-primary w-full\" dir=\"auto\" data-testid=\"conversation-turn-50\" data-scroll-anchor=\"true\">\n<div class=\"text-base my-auto mx-auto py-5 [--thread-content-margin:--spacing(4)] @[37rem]:[--thread-content-margin:--spacing(6)] @[72rem]:[--thread-content-margin:--spacing(16)] px-(--thread-content-margin)\">\n<div class=\"[--thread-content-max-width:32rem] @[34rem]:[--thread-content-max-width:40rem] @[64rem]:[--thread-content-max-width:48rem] mx-auto flex max-w-(--thread-content-max-width) flex-1 text-base gap-4 md:gap-5 lg:gap-6 group\/turn-messages focus-visible:outline-hidden\" tabindex=\"-1\">\n<div class=\"group\/conversation-turn relative flex w-full min-w-0 flex-col agent-turn\">\n<div class=\"absolute\">\n<div class=\"flex items-center justify-center\"><\/div>\n<\/div>\n<\/div>\n<\/div>\n<\/div>\n<\/article>\n<div class=\"pointer-events-none h-px w-px\" aria-hidden=\"true\" data-edge=\"true\"><\/div>\n<p>[\/vc_column_text]<div class=\"boc_spacing \" style=\"height: 30px\"><\/div><a\thref=\"tel:05323227486\u202c\"  \n\t\t\t\tclass=\"button btn_medium btn_plum btn_rounded btn_normal_style icon_pos_before btn_icon_anim_in boc_animate_when_almost_visible boc_zoom \"  target='_self'> <i class='icon fa fa-volume-control-phone'><\/i> <span>Bizimle \u0130leti\u015fime Ge\u00e7in<\/span><\/a>[\/vc_column][\/vc_row][vc_row full_width=&#8221;stretch_row_content_no_spaces&#8221; equal_height=&#8221;yes&#8221;][vc_column width=&#8221;1\/2&#8243; css=&#8221;.vc_custom_1477993868393{padding-top: 13% !important;padding-right: 16% !important;padding-bottom: 13% !important;padding-left: 16% !important;background-color: #f9f9f9 !important;}&#8221;]<h3 class=\"boc_heading  al_left  text_15_on_mobile   regular_weight\"  style=\"margin-bottom: 26px;color: #3a3a3a;font-size: 23px;\" ><span>Temizlik Hizmetleri<\/span><\/h3>[vc_column_text]<\/p>\n<p data-start=\"192\" data-end=\"489\">Kalabal\u0131k ya\u015fam alanlar\u0131nda, kom\u015fuluk ili\u015fkilerinin yan\u0131 s\u0131ra <strong data-start=\"254\" data-end=\"278\">ortak alan temizli\u011fi<\/strong> de site sakinleri i\u00e7in \u00f6nemli bir konudur. Ortak alanlar\u0131n hijyenik, d\u00fczenli ve bak\u0131ml\u0131 tutulmas\u0131; yaln\u0131zca g\u00f6rsel estetik a\u00e7\u0131s\u0131ndan de\u011fil, ayn\u0131 zamanda <strong data-start=\"432\" data-end=\"462\">sa\u011fl\u0131kl\u0131 bir ya\u015fam \u00e7evresi<\/strong> i\u00e7in de hayati \u00f6nem ta\u015f\u0131r.<\/p>\n<p data-start=\"491\" data-end=\"756\"><strong data-start=\"491\" data-end=\"506\">ARG Y\u00f6netim<\/strong> olarak, profesyonel temizlik personelimiz ve modern ekipmanlar\u0131m\u0131z ile <strong data-start=\"578\" data-end=\"631\">ya\u015fam alan\u0131n\u0131z\u0131n hijyenini titizlikle sa\u011fl\u0131yoruz.<\/strong> Temizlik hizmetlerimiz, sadece y\u00fczeysel de\u011fil, sistematik ve d\u00fczenli planlamalarla y\u00fcr\u00fct\u00fclen bir anlay\u0131\u015fla ger\u00e7ekle\u015ftirilir.<\/p>\n<p>[\/vc_column_text][\/vc_column][vc_column width=&#8221;1\/2&#8243; css=&#8221;.vc_custom_1748524873343{padding-top: 40px !important;padding-bottom: 40px !important;background-image: url(http:\/\/www.argsiteyonetimi.com\/wp-content\/uploads\/2025\/05\/Temizlik-Hizmetleri.jpg?id=5686) !important;background-position: center !important;background-repeat: no-repeat !important;background-size: cover !important;}&#8221;][\/vc_column][\/vc_row][vc_row][vc_column]<div class=\"boc_spacing \" style=\"height: 40px\"><\/div><h2 class=\"boc_heading  center  cd-headline loading-bar i_f600 text_10_on_mobile  boc_animate_when_almost_visible boc_right-to-left thin_weight\"  style=\"color: #3d3d3d;font-size: 25px;line-height: 1.1em;\"  data-css_delay=600><span>Sundu\u011fumuz <b>Temizlik<\/b><b>Temizlik<\/b> Hizmetleri<\/span><\/h2>[\/vc_column][\/vc_row][vc_row gap=&#8221;35&#8243; css=&#8221;.vc_custom_1748525211132{margin-top: 0px !important;margin-bottom: 40px !important;}&#8221;][vc_column width=&#8221;1\/2&#8243;]<div id=\"top_icon_box_92672\" class=\"top_icon_box type7 alt_style \"><div class=\"icon_holder\"><div class=\"icon_bgr\"><\/div><div class=\"icon_center\"><i class=\"boc_i-magic-wand\"><\/i><\/div><\/div><h3>Ortak Alan Temizli\u011fi<\/h3><p><\/p>\n<p data-start=\"117\" data-end=\"380\">\u2022 Merdivenler, asans\u00f6rler, koridorlar, bina giri\u015fleri, otopark ve depo alanlar\u0131 belirli periyotlarla detayl\u0131 \u015fekilde temizlenir.<br data-start=\"272\" data-end=\"275\" \/>\u2022 Kullan\u0131lan temizlik \u00fcr\u00fcnleri \u00e7evre ve insan sa\u011fl\u0131\u011f\u0131na duyarl\u0131d\u0131r, y\u00fczeylere \u00f6zel \u00fcr\u00fcnler tercih edilir.<\/p>\n<p data-start=\"382\" data-end=\"623\"><strong data-start=\"382\" data-end=\"412\">D\u0131\u015f Cephe ve Cam Temizli\u011fi<\/strong><br data-start=\"412\" data-end=\"415\" \/>\u2022 Bina d\u0131\u015f cepheleri ve cam y\u00fczeyler profesyonel ekiplerce, gerekli g\u00fcvenlik \u00f6nlemleri al\u0131narak temizlenir.<br data-start=\"522\" data-end=\"525\" \/>\u2022 Y\u00fcksek katl\u0131 binalar i\u00e7in d\u0131\u015f cephe temizlik hizmeti \u00f6zel ekipman ve uzman personel ile sunulur.<\/p>\n<p data-start=\"625\" data-end=\"871\"><strong data-start=\"625\" data-end=\"657\">\u00c7\u00f6p Toplama ve At\u0131k Y\u00f6netimi<\/strong><br data-start=\"657\" data-end=\"660\" \/>\u2022 Katlardaki ve ortak alanlardaki \u00e7\u00f6pler d\u00fczenli aral\u0131klarla toplan\u0131r, hijyen kurallar\u0131na uygun \u015fekilde bertaraf edilir.<br data-start=\"780\" data-end=\"783\" \/>\u2022 Geri d\u00f6n\u00fc\u015f\u00fcm alanlar\u0131 temiz ve d\u00fczenli tutulur, s\u00fcrd\u00fcr\u00fclebilir at\u0131k y\u00f6netimi sa\u011flan\u0131r.<\/p>\n<p><\/p><i class=\"back_icon boc_i-magic-wand\"><\/i><\/div>[\/vc_column][vc_column width=&#8221;1\/2&#8243;]<div id=\"top_icon_box_18309\" class=\"top_icon_box type7 alt_style \"><div class=\"icon_holder\"><div class=\"icon_bgr\"><\/div><div class=\"icon_center\"><i class=\"boc_i-magic-wand\"><\/i><\/div><\/div><h3>Sosyal Alan Temizli\u011fi<\/h3><p><\/p>\n<p data-start=\"899\" data-end=\"1152\">\u2022 Spor salonu, havuz, \u00e7ocuk oyun alan\u0131, \u00e7ok ama\u00e7l\u0131 salonlar ve misafir kar\u015f\u0131lama alanlar\u0131 d\u00fczenli olarak temizlenir.<br data-start=\"1043\" data-end=\"1046\" \/>\u2022 \u00d6zellikle salg\u0131n d\u00f6nemlerinde dezenfeksiyon s\u0131kl\u0131\u011f\u0131 art\u0131r\u0131l\u0131r, hijyen standartlar\u0131 titizlikle uygulan\u0131r.<\/p>\n<p data-start=\"1154\" data-end=\"1403\"><strong data-start=\"1154\" data-end=\"1182\">Bah\u00e7e ve Peyzaj Alanlar\u0131<\/strong><br data-start=\"1182\" data-end=\"1185\" \/>\u2022 Y\u00fcr\u00fcy\u00fc\u015f yollar\u0131, oturma alanlar\u0131 ve ye\u015fil alanlar\u0131n temizlik ve bak\u0131m i\u015flemleri d\u00fczenli olarak ger\u00e7ekle\u015ftirilir.<br data-start=\"1299\" data-end=\"1302\" \/>\u2022 Mevsimsel temizlik planlar\u0131 uygulanarak peyzaj alanlar\u0131n\u0131n temizli\u011fi s\u00fcrd\u00fcr\u00fclebilir hale getirilir.<\/p>\n<p data-start=\"1405\" data-end=\"1619\"><strong data-start=\"1405\" data-end=\"1438\">\u0130zleme ve Denetim Mekanizmas\u0131<\/strong><br data-start=\"1438\" data-end=\"1441\" \/>\u2022 Temizlik personeli, alan sorumlular\u0131 taraf\u0131ndan d\u00fczenli olarak denetlenir.<br data-start=\"1517\" data-end=\"1520\" \/>\u2022 Site sakinlerinden gelen geri bildirimler de\u011ferlendirilerek hizmet kalitesi s\u00fcrekli geli\u015ftirilir.<\/p>\n<p><\/p><i class=\"back_icon boc_i-magic-wand\"><\/i><\/div>[\/vc_column][\/vc_row][vc_row full_width=&#8221;stretch_row&#8221; css=&#8221;.vc_custom_1748525179188{padding-top: 40px !important;padding-bottom: 40px !important;background-image: url(http:\/\/blueowlcreative.com\/wp\/alea_export\/wp-content\/uploads\/2016\/10\/white_mountains2.jpg?id=1194) !important;}&#8221;][vc_column][vc_column_text]<\/p>\n<p style=\"text-align: center;\"><span style=\"color: #2e2a2a;\"><strong data-start=\"2560\" data-end=\"2582\">ARG Y\u00f6netim olarak<\/strong>, sadece temiz bir site de\u011fil, <strong data-start=\"2613\" data-end=\"2667\">ya\u015fanabilir, sa\u011fl\u0131kl\u0131 ve prestijli bir ya\u015fam alan\u0131<\/strong> sunmak \u00f6nceli\u011fimizdir. Ortak ya\u015fam alanlar\u0131n\u0131z\u0131n her zaman <strong data-start=\"2727\" data-end=\"2758\">d\u00fczenli, steril ve konforlu<\/strong> olmas\u0131 i\u00e7in t\u00fcm temizlik s\u00fcre\u00e7lerinizi profesyonelce y\u00f6netiyoruz.<\/span><\/p>\n<p>&nbsp;<\/p>\n<p style=\"text-align: center;\"><a\thref=\"https:\/\/www.argsiteyonetimi.com\/index.php\/iletisim\/\"  \n\t\t\t\tclass=\"button btn_medium btn_theme_color btn_rounded     \"  target='_self'><span>Detayl\u0131 Bilgi<\/span><\/a><\/p>\n<p>[\/vc_column_text][\/vc_column][\/vc_row][vc_row full_width=&#8221;stretch_row_content_no_spaces&#8221;][vc_column width=&#8221;1\/3&#8243; css=&#8221;.vc_custom_1478004613522{padding-top: 10px !important;background-color: #695645 !important;}&#8221;][\/vc_column][vc_column width=&#8221;1\/3&#8243; css=&#8221;.vc_custom_1478004490409{padding-top: 10px !important;background-color: #947960 !important;}&#8221;][\/vc_column][vc_column width=&#8221;1\/3&#8243; css=&#8221;.vc_custom_1477992519632{padding-top: 10px !important;background-color: #f3ba83 !important;}&#8221;][\/vc_column][\/vc_row]<\/p>\n<\/section>","protected":false},"excerpt":{"rendered":"<p>[vc_row full_width=&#8221;stretch_row&#8221; parallax=&#8221;content-moving&#8221; parallax_image=&#8221;5628&#8243; css_animation=&#8221;fadeIn&#8221; boc_overlay_color=&#8221;rgba(204,33,74,0.9)&#8221; boc_with_gradient=&#8221;yes&#8221; boc_overlay_color2=&#8221;rgba(230,152,81,0.9)&#8221; boc_overlay_gradient_angle=&#8221;120deg&#8221; css=&#8221;.vc_custom_1748365076174{padding-top: 160px !important;padding-bottom: 140px !important;}&#8221;][vc_column el_class=&#8221;white_links&#8221;][vc_column_text] Ortak alanlarda hijyen ve d\u00fczeni sa\u011fl\u0131yor, ya\u015fam alanlar\u0131n\u0131za temizlikle de\u011fer kat\u0131yoruz. [\/vc_column_text][\/vc_column][\/vc_row][vc_row full_width=&#8221;stretch_row_content_no_spaces&#8221; equal_height=&#8221;yes&#8221;][vc_column width=&#8221;1\/2&#8243; css=&#8221;.vc_custom_1477993868393{padding-top: 13% !important;padding-right: 16% !important;padding-bottom: 13% !important;padding-left: 16% !important;background-color: #f9f9f9 !important;}&#8221;][vc_column_text] Kalabal\u0131k ya\u015fam alanlar\u0131nda, kom\u015fuluk ili\u015fkilerinin yan\u0131 s\u0131ra ortak alan temizli\u011fi de site sakinleri i\u00e7in&#8230;<\/p>\n","protected":false},"author":1,"featured_media":5686,"parent":0,"menu_order":0,"comment_status":"closed","ping_status":"closed","template":"","meta":{"_joinchat":[],"footnotes":""},"class_list":["post-5767","page","type-page","status-publish","has-post-thumbnail","hentry"],"aioseo_notices":[],"_links":{"self":[{"href":"https:\/\/www.argsiteyonetimi.com\/index.php\/wp-json\/wp\/v2\/pages\/5767","targetHints":{"allow":["GET"]}}],"collection":[{"href":"https:\/\/www.argsiteyonetimi.com\/index.php\/wp-json\/wp\/v2\/pages"}],"about":[{"href":"https:\/\/www.argsiteyonetimi.com\/index.php\/wp-json\/wp\/v2\/types\/page"}],"author":[{"embeddable":true,"href":"https:\/\/www.argsiteyonetimi.com\/index.php\/wp-json\/wp\/v2\/users\/1"}],"replies":[{"embeddable":true,"href":"https:\/\/www.argsiteyonetimi.com\/index.php\/wp-json\/wp\/v2\/comments?post=5767"}],"version-history":[{"count":7,"href":"https:\/\/www.argsiteyonetimi.com\/index.php\/wp-json\/wp\/v2\/pages\/5767\/revisions"}],"predecessor-version":[{"id":5863,"href":"https:\/\/www.argsiteyonetimi.com\/index.php\/wp-json\/wp\/v2\/pages\/5767\/revisions\/5863"}],"wp:featuredmedia":[{"embeddable":true,"href":"https:\/\/www.argsiteyonetimi.com\/index.php\/wp-json\/wp\/v2\/media\/5686"}],"wp:attachment":[{"href":"https:\/\/www.argsiteyonetimi.com\/index.php\/wp-json\/wp\/v2\/media?parent=5767"}],"curies":[{"name":"wp","href":"https:\/\/api.w.org\/{rel}","templated":true}]}}