{"id":5760,"date":"2025-05-29T12:45:50","date_gmt":"2025-05-29T12:45:50","guid":{"rendered":"https:\/\/www.argsiteyonetimi.com\/?page_id=5760"},"modified":"2025-06-07T16:00:40","modified_gmt":"2025-06-07T16:00:40","slug":"guvenlik-hizmetleri","status":"publish","type":"page","link":"https:\/\/www.argsiteyonetimi.com\/index.php\/guvenlik-hizmetleri\/","title":{"rendered":"G\u00fcvenlik Hizmetleri"},"content":{"rendered":"<section class=\"wpb-content-wrapper\"><p>[vc_row full_width=&#8221;stretch_row&#8221; parallax=&#8221;content-moving&#8221; parallax_image=&#8221;5628&#8243; css_animation=&#8221;fadeIn&#8221; boc_overlay_color=&#8221;rgba(204,33,74,0.9)&#8221; boc_with_gradient=&#8221;yes&#8221; boc_overlay_color2=&#8221;rgba(230,152,81,0.9)&#8221; boc_overlay_gradient_angle=&#8221;120deg&#8221; css=&#8221;.vc_custom_1748365076174{padding-top: 160px !important;padding-bottom: 140px !important;}&#8221;][vc_column el_class=&#8221;white_links&#8221;]<div class=\"boc_heading uppercase letter_spacing_big center  boc_animate_when_almost_visible boc_top-to-bottom bold_weight\"  style=\"color: #f8e6d6;font-size: 15px;\"  data-css_delay=500><span>ARG G\u00fcvenlik Hizmetleri<\/span><\/div><div class=\"boc_spacing \" style=\"height: 10px\"><\/div><h2 class=\"boc_heading  center  cd-headline loading-bar i_f600 text_10_on_mobile  boc_animate_when_almost_visible boc_right-to-left thin_weight\"  style=\"color: #ffffff;font-size: 45px;line-height: 1.1em;\"  data-css_delay=600><span><b>Huzurunuz Bizimle G\u00fcvende!<\/b><b>Huzurunuz Bizimle G\u00fcvende!<\/b><b>Huzurunuz Bizimle G\u00fcvende!<\/b><\/span><\/h2>[vc_column_text]<\/p>\n<article class=\"text-token-text-primary w-full\" dir=\"auto\" data-testid=\"conversation-turn-40\" data-scroll-anchor=\"true\">\n<div class=\"text-base my-auto mx-auto py-5 [--thread-content-margin:--spacing(4)] @[37rem]:[--thread-content-margin:--spacing(6)] @[72rem]:[--thread-content-margin:--spacing(16)] px-(--thread-content-margin)\">\n<div class=\"[--thread-content-max-width:32rem] @[34rem]:[--thread-content-max-width:40rem] @[64rem]:[--thread-content-max-width:48rem] mx-auto flex max-w-(--thread-content-max-width) flex-1 text-base gap-4 md:gap-5 lg:gap-6 group\/turn-messages focus-visible:outline-hidden\" tabindex=\"-1\">\n<div class=\"group\/conversation-turn relative flex w-full min-w-0 flex-col agent-turn\">\n<div class=\"relative flex-col gap-1 md:gap-3\">\n<div class=\"flex max-w-full flex-col grow\">\n<div class=\"min-h-8 text-message relative flex w-full flex-col items-end gap-2 text-start break-words whitespace-normal [.text-message+&amp;]:mt-5\" dir=\"auto\" data-message-author-role=\"assistant\" data-message-id=\"02340722-487f-49f2-b0f1-df5912f4f101\" data-message-model-slug=\"gpt-4o\">\n<div class=\"flex w-full flex-col gap-1 empty:hidden first:pt-[3px]\">\n<div class=\"markdown prose dark:prose-invert w-full break-words dark\">\n<p style=\"text-align: center;\" data-start=\"48\" data-end=\"167\" data-is-last-node=\"\" data-is-only-node=\"\"><span style=\"color: #ffffff;\">7\/24 profesyonel g\u00fcvenlik kadrosu ve ak\u0131ll\u0131 sistemlerle ya\u015fam alanlar\u0131n\u0131zda tam koruma sa\u011fl\u0131yoruz.<\/span><\/p>\n<\/div>\n<\/div>\n<\/div>\n<\/div>\n<div class=\"mt-3 w-full empty:hidden\">\n<div class=\"text-center\"><\/div>\n<\/div>\n<\/div>\n<div class=\"absolute\">\n<div class=\"flex items-center justify-center\"><\/div>\n<\/div>\n<\/div>\n<\/div>\n<\/div>\n<\/article>\n<div class=\"pointer-events-none h-px w-px\" aria-hidden=\"true\" data-edge=\"true\"><\/div>\n<p>[\/vc_column_text]<div class=\"boc_spacing \" style=\"height: 30px\"><\/div><a\thref=\"tel:05323227486\u202c\"  \n\t\t\t\tclass=\"button btn_medium btn_plum btn_rounded btn_normal_style icon_pos_before btn_icon_anim_in boc_animate_when_almost_visible boc_zoom \"  target='_self'> <i class='icon fa fa-volume-control-phone'><\/i> <span>Bizimle \u0130leti\u015fime Ge\u00e7in<\/span><\/a>[\/vc_column][\/vc_row][vc_row full_width=&#8221;stretch_row_content_no_spaces&#8221; equal_height=&#8221;yes&#8221; css=&#8221;.vc_custom_1748523340634{background-image: url(http:\/\/www.argsiteyonetimi.com\/wp-content\/uploads\/2025\/05\/apartman-site-guvenlik.jpg?id=5765) !important;background-position: center !important;background-repeat: no-repeat !important;background-size: cover !important;}&#8221;][vc_column width=&#8221;1\/2&#8243; css=&#8221;.vc_custom_1477993868393{padding-top: 13% !important;padding-right: 16% !important;padding-bottom: 13% !important;padding-left: 16% !important;background-color: #f9f9f9 !important;}&#8221;]<div class=\"boc_heading uppercase letter_spacing_big al_left   regular_weight\"  style=\"margin-bottom: 4px;color: #b0aeac;font-size: 13px;\" ><span><\/span><\/div><h3 class=\"boc_heading  al_left  text_15_on_mobile   regular_weight\"  style=\"margin-bottom: 26px;color: #3a3a3a;font-size: 23px;\" ><span>G\u00fcvenlik Hizmetleri<\/span><\/h3>[vc_column_text]<\/p>\n<p data-start=\"179\" data-end=\"539\">G\u00fcn\u00fcm\u00fczde bireylerin site ya\u015fam\u0131n\u0131 tercih etmesindeki en \u00f6nemli etken <strong data-start=\"249\" data-end=\"265\">g\u00fcvenliktir.<\/strong> \u00d6zellikle \u00e7ocuklu aileler i\u00e7in g\u00fcvenli bir ya\u015fam alan\u0131 se\u00e7imi, \u00e7o\u011fu zaman di\u011fer t\u00fcm kriterlerin \u00f6n\u00fcne ge\u00e7mektedir. \u00c7\u00fcnk\u00fc bir sitede ya\u015famak; e\u011fitimli g\u00fcvenlik g\u00f6revlilerinin, kritik durumlarda <strong data-start=\"459\" data-end=\"492\">an\u0131nda ve bilin\u00e7li m\u00fcdahalesi<\/strong> ile desteklenen huzurlu bir ya\u015fam\u0131 ifade eder.<\/p>\n<p data-start=\"541\" data-end=\"921\"><strong data-start=\"541\" data-end=\"556\">ARG Y\u00f6netim<\/strong> olarak, site sakinlerinin huzur ve g\u00fcven i\u00e7inde ya\u015famalar\u0131 i\u00e7in <strong data-start=\"621\" data-end=\"654\">geli\u015fmi\u015f g\u00fcvenlik altyap\u0131lar\u0131<\/strong> ve <strong data-start=\"658\" data-end=\"686\">uzman g\u00fcvenlik personeli<\/strong> ile kapsaml\u0131 \u00e7\u00f6z\u00fcmler sunmaktay\u0131z. Ya\u015fam alan\u0131n\u0131z, \u015firketimiz taraf\u0131ndan <strong data-start=\"760\" data-end=\"800\">7\/24 kamera sistemleriyle izlenmekte<\/strong>, alan\u0131nda yetkin ve e\u011fitimli g\u00fcvenlik kadromuz ile <strong data-start=\"852\" data-end=\"907\">her t\u00fcrl\u00fc risk senaryosuna kar\u015f\u0131 \u00f6nleyici tedbirler<\/strong> al\u0131nmaktad\u0131r.<\/p>\n<p>[\/vc_column_text][\/vc_column][vc_column width=&#8221;1\/2&#8243; css=&#8221;.vc_custom_1748522977113{padding-top: 100px !important;padding-bottom: 100px !important;background-position: 0 0 !important;background-repeat: repeat !important;}&#8221;][\/vc_column][\/vc_row][vc_row][vc_column]<div class=\"boc_spacing \" style=\"height: 40px\"><\/div><h2 class=\"boc_heading  center  cd-headline loading-bar i_f600 text_10_on_mobile  boc_animate_when_almost_visible boc_right-to-left thin_weight\"  style=\"color: #3d3d3d;font-size: 25px;line-height: 1.1em;\"  data-css_delay=600><span>Sundu\u011fumuz <b>G\u00fcvenlik<\/b><b>G\u00fcvenlik<\/b> Hizmetleri<\/span><\/h2>[\/vc_column][\/vc_row][vc_row gap=&#8221;35&#8243; css=&#8221;.vc_custom_1748524380582{margin-top: 0px !important;margin-bottom: 40px !important;}&#8221;][vc_column width=&#8221;1\/2&#8243;]<div id=\"top_icon_box_58808\" class=\"top_icon_box type7 alt_style \"><div class=\"icon_holder\"><div class=\"icon_bgr\"><\/div><div class=\"icon_center\"><i class=\"boc_i-edit\"><\/i><\/div><\/div><h3>Risk Analizi ve G\u00fcvenlik Planlamas\u0131<\/h3><p><\/p>\n<p data-start=\"203\" data-end=\"431\">\u2022 Siteye y\u00f6nelik olas\u0131 tehdit ve g\u00fcvenlik riskleri uzmanlar\u0131m\u0131zca analiz edilir.<br data-start=\"325\" data-end=\"328\" \/>\u2022 Tespit edilen riskler do\u011frultusunda \u00f6zelle\u015ftirilmi\u015f g\u00fcvenlik eylem planlar\u0131 olu\u015fturulur ve uygulan\u0131r.<\/p>\n<p data-start=\"433\" data-end=\"627\"><strong data-start=\"433\" data-end=\"464\">E\u011fitimli G\u00fcvenlik Personeli<\/strong><br data-start=\"464\" data-end=\"467\" \/>\u2022 Alan\u0131nda deneyimli, disiplinli ve sertifikal\u0131 personel ile 7\/24 g\u00fcvenlik sa\u011flan\u0131r.<br data-start=\"551\" data-end=\"554\" \/>\u2022 Kriz anlar\u0131nda h\u0131zl\u0131 ve kontroll\u00fc m\u00fcdahale i\u00e7in \u00f6zel e\u011fitimler verilir.<\/p>\n<p data-start=\"629\" data-end=\"827\"><strong data-start=\"629\" data-end=\"664\">G\u00f6r\u00fcnt\u00fcleme ve Kay\u0131t Sistemleri<\/strong><br data-start=\"664\" data-end=\"667\" \/>\u2022 Kamera sistemleri d\u00fczenli olarak kontrol edilir, kay\u0131tlar g\u00fcvenle ar\u015fivlenir.<br data-start=\"746\" data-end=\"749\" \/>\u2022 Ar\u0131zal\u0131 ya da risk olu\u015fturan sistemler an\u0131nda tespit edilip m\u00fcdahale edilir.<\/p>\n<p><\/p><i class=\"back_icon boc_i-edit\"><\/i><\/div>[\/vc_column][vc_column width=&#8221;1\/2&#8243;]<div id=\"top_icon_box_60625\" class=\"top_icon_box type7 alt_style \"><div class=\"icon_holder\"><div class=\"icon_bgr\"><\/div><div class=\"icon_center\"><i class=\"boc_i-edit\"><\/i><\/div><\/div><h3>Giri\u015f \u2013 \u00c7\u0131k\u0131\u015f Kontrolleri<\/h3><p><\/p>\n<p data-start=\"855\" data-end=\"1073\">\u2022 Siteye giri\u015f yapan ara\u00e7lar plaka tan\u0131ma sistemiyle izlenir, dijital olarak ar\u015fivlenir.<br data-start=\"975\" data-end=\"978\" \/>\u2022 Kargo, nakliye, servis ve misafir giri\u015fleri kontrol alt\u0131nda tutulur, gerekti\u011finde raporlan\u0131r.<\/p>\n<p data-start=\"1075\" data-end=\"1288\"><strong data-start=\"1075\" data-end=\"1103\">Devriye ve Alan Denetimi<\/strong><br data-start=\"1103\" data-end=\"1106\" \/>\u2022 Otopark, oyun alanlar\u0131, sosyal alanlar ve peyzaj b\u00f6lgeleri d\u00fczenli devriyelerle denetlenir.<br data-start=\"1199\" data-end=\"1202\" \/>\u2022 Devriyeler, cayd\u0131r\u0131c\u0131l\u0131\u011f\u0131 art\u0131rmak ad\u0131na belirli aral\u0131klarla planl\u0131 \u015fekilde yap\u0131l\u0131r.<\/p>\n<p data-start=\"1290\" data-end=\"1514\"><strong data-start=\"1290\" data-end=\"1334\">Site Prestijine Uygun G\u00fcvenlik Yakla\u015f\u0131m\u0131<\/strong><br data-start=\"1334\" data-end=\"1337\" \/>\u2022 Her site \u00f6zelinde fiziksel yap\u0131 ve ya\u015fam tarz\u0131na uygun g\u00fcvenlik modeli geli\u015ftirilir.<br data-start=\"1423\" data-end=\"1426\" \/>\u2022 Profesyonel organizasyon ile g\u00fcvenlik, ya\u015fam konforunu destekleyecek \u015fekilde sa\u011flan\u0131r.<\/p>\n<p><\/p><i class=\"back_icon boc_i-edit\"><\/i><\/div>[\/vc_column][\/vc_row][vc_row full_width=&#8221;stretch_row&#8221; css=&#8221;.vc_custom_1748524496595{padding-top: 40px !important;padding-bottom: 40px !important;background-image: url(http:\/\/blueowlcreative.com\/wp\/alea_export\/wp-content\/uploads\/2016\/10\/white_mountains2.jpg?id=1194) !important;}&#8221;][vc_column][vc_column_text]<\/p>\n<p style=\"text-align: center;\"><span style=\"color: #292626;\">Bu b\u00fct\u00fcnsel yakla\u015f\u0131m sayesinde, sitenizde sadece g\u00fcvenli\u011fi de\u011fil; ayn\u0131 zamanda huzur, d\u00fczen ve prestiji de garanti alt\u0131na al\u0131yoruz.<\/span><\/p>\n<p>&nbsp;<\/p>\n<p style=\"text-align: center;\"><a\thref=\"https:\/\/www.argsiteyonetimi.com\/index.php\/iletisim\/\"  \n\t\t\t\tclass=\"button btn_medium btn_theme_color btn_rounded     \"  target='_self'><span>Detayl\u0131 Bilgi<\/span><\/a><\/p>\n<p>[\/vc_column_text][\/vc_column][\/vc_row][vc_row full_width=&#8221;stretch_row_content_no_spaces&#8221;][vc_column width=&#8221;1\/3&#8243; css=&#8221;.vc_custom_1478004613522{padding-top: 10px !important;background-color: #695645 !important;}&#8221;][\/vc_column][vc_column width=&#8221;1\/3&#8243; css=&#8221;.vc_custom_1478004490409{padding-top: 10px !important;background-color: #947960 !important;}&#8221;][\/vc_column][vc_column width=&#8221;1\/3&#8243; css=&#8221;.vc_custom_1477992519632{padding-top: 10px !important;background-color: #f3ba83 !important;}&#8221;][\/vc_column][\/vc_row]<\/p>\n<\/section>","protected":false},"excerpt":{"rendered":"<p>[vc_row full_width=&#8221;stretch_row&#8221; parallax=&#8221;content-moving&#8221; parallax_image=&#8221;5628&#8243; css_animation=&#8221;fadeIn&#8221; boc_overlay_color=&#8221;rgba(204,33,74,0.9)&#8221; boc_with_gradient=&#8221;yes&#8221; boc_overlay_color2=&#8221;rgba(230,152,81,0.9)&#8221; boc_overlay_gradient_angle=&#8221;120deg&#8221; css=&#8221;.vc_custom_1748365076174{padding-top: 160px !important;padding-bottom: 140px !important;}&#8221;][vc_column el_class=&#8221;white_links&#8221;][vc_column_text] 7\/24 profesyonel g\u00fcvenlik kadrosu ve ak\u0131ll\u0131 sistemlerle ya\u015fam alanlar\u0131n\u0131zda tam koruma sa\u011fl\u0131yoruz. [\/vc_column_text][\/vc_column][\/vc_row][vc_row full_width=&#8221;stretch_row_content_no_spaces&#8221; equal_height=&#8221;yes&#8221; css=&#8221;.vc_custom_1748523340634{background-image: url(http:\/\/www.argsiteyonetimi.com\/wp-content\/uploads\/2025\/05\/apartman-site-guvenlik.jpg?id=5765) !important;background-position: center !important;background-repeat: no-repeat !important;background-size: cover !important;}&#8221;][vc_column width=&#8221;1\/2&#8243; css=&#8221;.vc_custom_1477993868393{padding-top: 13% !important;padding-right: 16% !important;padding-bottom: 13% !important;padding-left: 16% !important;background-color: #f9f9f9 !important;}&#8221;][vc_column_text] G\u00fcn\u00fcm\u00fczde bireylerin site ya\u015fam\u0131n\u0131&#8230;<\/p>\n","protected":false},"author":1,"featured_media":0,"parent":0,"menu_order":0,"comment_status":"closed","ping_status":"closed","template":"","meta":{"_joinchat":[],"footnotes":""},"class_list":["post-5760","page","type-page","status-publish","hentry"],"aioseo_notices":[],"_links":{"self":[{"href":"https:\/\/www.argsiteyonetimi.com\/index.php\/wp-json\/wp\/v2\/pages\/5760","targetHints":{"allow":["GET"]}}],"collection":[{"href":"https:\/\/www.argsiteyonetimi.com\/index.php\/wp-json\/wp\/v2\/pages"}],"about":[{"href":"https:\/\/www.argsiteyonetimi.com\/index.php\/wp-json\/wp\/v2\/types\/page"}],"author":[{"embeddable":true,"href":"https:\/\/www.argsiteyonetimi.com\/index.php\/wp-json\/wp\/v2\/users\/1"}],"replies":[{"embeddable":true,"href":"https:\/\/www.argsiteyonetimi.com\/index.php\/wp-json\/wp\/v2\/comments?post=5760"}],"version-history":[{"count":7,"href":"https:\/\/www.argsiteyonetimi.com\/index.php\/wp-json\/wp\/v2\/pages\/5760\/revisions"}],"predecessor-version":[{"id":5874,"href":"https:\/\/www.argsiteyonetimi.com\/index.php\/wp-json\/wp\/v2\/pages\/5760\/revisions\/5874"}],"wp:attachment":[{"href":"https:\/\/www.argsiteyonetimi.com\/index.php\/wp-json\/wp\/v2\/media?parent=5760"}],"curies":[{"name":"wp","href":"https:\/\/api.w.org\/{rel}","templated":true}]}}