{"id":5726,"date":"2025-05-28T17:27:55","date_gmt":"2025-05-28T17:27:55","guid":{"rendered":"https:\/\/www.argsiteyonetimi.com\/?page_id=5726"},"modified":"2025-06-10T10:54:41","modified_gmt":"2025-06-10T10:54:41","slug":"hukuki-danismanlik","status":"publish","type":"page","link":"https:\/\/www.argsiteyonetimi.com\/index.php\/hukuki-danismanlik\/","title":{"rendered":"Hukuki Dan\u0131\u015fmanl\u0131k"},"content":{"rendered":"<section class=\"wpb-content-wrapper\"><p>[vc_row full_width=&#8221;stretch_row&#8221; parallax=&#8221;content-moving&#8221; parallax_image=&#8221;5628&#8243; css_animation=&#8221;fadeIn&#8221; boc_overlay_color=&#8221;rgba(204,33,74,0.9)&#8221; boc_with_gradient=&#8221;yes&#8221; boc_overlay_color2=&#8221;rgba(230,152,81,0.9)&#8221; boc_overlay_gradient_angle=&#8221;120deg&#8221; css=&#8221;.vc_custom_1748365076174{padding-top: 160px !important;padding-bottom: 140px !important;}&#8221;][vc_column el_class=&#8221;white_links&#8221;]<div class=\"boc_heading uppercase letter_spacing_big center  boc_animate_when_almost_visible boc_top-to-bottom bold_weight\"  style=\"color: #f8e6d6;font-size: 15px;\"  data-css_delay=500><span>ARG Hukuki Dan\u0131\u015fmanl\u0131k<\/span><\/div><div class=\"boc_spacing \" style=\"height: 10px\"><\/div><h2 class=\"boc_heading  center  cd-headline loading-bar i_f600 text_10_on_mobile  boc_animate_when_almost_visible boc_right-to-left thin_weight\"  style=\"color: #ffffff;font-size: 45px;line-height: 1.1em;\"  data-css_delay=600><span><b>Hukuki G\u00fcvence, Kesintisiz Destek!<\/b><b>Hukuki G\u00fcvence, Kesintisiz Destek!<\/b><b>Hukuki G\u00fcvence, Kesintisiz Destek!<\/b><b>Hukuki G\u00fcvence, Kesintisiz Destek!<\/b><b>Hukuki G\u00fcvence, Kesintisiz Destek!<\/b><\/span><\/h2>[vc_column_text css_animation=&#8221;boc_animate_when_almost_visible boc_zoom&#8221;]<\/p>\n<p style=\"text-align: center;\"><span style=\"color: #ffffff;\">Site y\u00f6netiminde hukuki sorunlarda h\u0131zl\u0131 ve etkili \u00e7\u00f6z\u00fcmler; profesyonel dan\u0131\u015fmanl\u0131k ve tam destek sa\u011fl\u0131yoruz.<\/span><\/p>\n<p>[\/vc_column_text]<div class=\"boc_spacing \" style=\"height: 30px\"><\/div><a\thref=\"tel:05323227486\u202c\"  \n\t\t\t\tclass=\"button btn_medium btn_plum btn_rounded btn_normal_style icon_pos_before btn_icon_anim_in boc_animate_when_almost_visible boc_zoom \"  target='_self'> <i class='icon fa fa-volume-control-phone'><\/i> <span>Bizimle \u0130leti\u015fime Ge\u00e7in<\/span><\/a>[\/vc_column][\/vc_row][vc_row full_width=&#8221;stretch_row_content_no_spaces&#8221; equal_height=&#8221;yes&#8221;][vc_column width=&#8221;1\/2&#8243; css=&#8221;.vc_custom_1748452589054{padding-top: 20px !important;padding-right: 16% !important;padding-left: 16% !important;background-color: #f9f9f9 !important;}&#8221;]<h3 class=\"boc_heading  al_left  text_15_on_mobile   regular_weight\"  style=\"margin-bottom: 26px;color: #3a3a3a;font-size: 23px;\" ><span>Profesyonel Site ve Apartman Y\u00f6netimi<\/span><\/h3>[vc_column_text]<\/p>\n<p data-start=\"195\" data-end=\"546\">Apartman ve site y\u00f6netiminde en s\u0131k kar\u015f\u0131la\u015f\u0131lan ve \u00e7\u00f6z\u00fcm\u00fc en karma\u015f\u0131k konulardan biri <strong data-start=\"282\" data-end=\"304\">aidat tahsilat\u0131d\u0131r<\/strong>. Kat malikleri ve kirac\u0131lar aras\u0131nda ya\u015fanan anla\u015fmazl\u0131klar, \u00f6demelerin gecikmesi veya hi\u00e7 yap\u0131lmamas\u0131 durumunda izlenecek yasal yollar; sadece y\u00f6netim becerisiyle de\u011fil, ayn\u0131 zamanda <strong data-start=\"489\" data-end=\"510\">hukuki uzmanl\u0131kla<\/strong> da ele al\u0131nmas\u0131 gereken konulard\u0131r.<\/p>\n<p data-start=\"548\" data-end=\"988\">G\u00fcn\u00fcm\u00fczde aidat sebebiyle ya\u015fanan tart\u0131\u015fmalar\u0131n zaman zaman <strong data-start=\"608\" data-end=\"629\">\u015fiddet olaylar\u0131na<\/strong> dahi d\u00f6n\u00fc\u015fmesi, bu meselenin ne kadar hassas ve profesyonel bir yakla\u015f\u0131m gerektirdi\u011fini a\u00e7\u0131k\u00e7a ortaya koymaktad\u0131r. Bu noktada, firmam\u0131z\u0131n en b\u00fcy\u00fck avantajlar\u0131ndan biri, <strong data-start=\"799\" data-end=\"887\">kurucu ortaklar\u0131m\u0131z aras\u0131nda bir Avukat ve Adalet Bakanl\u0131\u011f\u0131\u2019na kay\u0131tl\u0131 Bilirki\u015fi\u2019nin<\/strong> bulunmas\u0131d\u0131r. Bu yap\u0131 sayesinde, t\u00fcm hukuki s\u00fcre\u00e7ler uzmanl\u0131kla ve en do\u011fru \u015fekilde y\u00fcr\u00fct\u00fclmektedir.<\/p>\n<p>[\/vc_column_text][\/vc_column][vc_column width=&#8221;1\/2&#8243; css=&#8221;.vc_custom_1748452618803{padding-top: 20px !important;padding-right: 20px !important;padding-bottom: 20px !important;padding-left: 20px !important;background-image: url(http:\/\/www.argsiteyonetimi.com\/wp-content\/uploads\/2025\/05\/Hukuki-Danismanlik.webp?id=5673) !important;background-position: 0 0 !important;background-repeat: repeat !important;}&#8221;][\/vc_column][\/vc_row][vc_row][vc_column]<div class=\"boc_spacing \" style=\"height: 40px\"><\/div><h2 class=\"boc_heading  center  cd-headline loading-bar i_f600 text_10_on_mobile  boc_animate_when_almost_visible boc_right-to-left thin_weight\"  style=\"color: #3d3d3d;font-size: 25px;line-height: 1.1em;\"  data-css_delay=600><span>Sundu\u011fumuz <b>Hukuki<\/b><b>Hukuki<\/b> Dan\u0131\u015fmanl\u0131klar<\/span><\/h2>[\/vc_column][\/vc_row][vc_row gap=&#8221;35&#8243; css=&#8221;.vc_custom_1748453153918{margin-top: 0px !important;margin-bottom: 20px !important;}&#8221;][vc_column width=&#8221;1\/2&#8243;]<div id=\"top_icon_box_50809\" class=\"top_icon_box type7 alt_style \"><div class=\"icon_holder\"><div class=\"icon_bgr\"><\/div><div class=\"icon_center\"><i class=\"boc_i-copy-file\"><\/i><\/div><\/div><h3>Profesyonel Yakla\u015f\u0131m\u0131m\u0131z:<\/h3><p><\/p>\n<ul>\n<li>Her ay d\u00fczenli olarak <strong data-start=\"1050\" data-end=\"1100\">kat maliklerinin ve kirac\u0131lar\u0131n aidat bor\u00e7lar\u0131<\/strong> raporlanmakta ve detayl\u0131 \u015fekilde bildirilmekte, gerekli bilgilendirmeler <strong data-start=\"1174\" data-end=\"1209\">hem yaz\u0131l\u0131 hem dijital yollarla<\/strong> iletilmektedir.<\/li>\n<li data-start=\"1230\" data-end=\"1402\">Borcunu zaman\u0131nda \u00f6demeyen kat malikleri veya kirac\u0131lar i\u00e7in \u00f6nce <strong data-start=\"1296\" data-end=\"1323\">ihtarname g\u00f6nderilmekte<\/strong>, ard\u0131ndan \u00f6deme yap\u0131lmamas\u0131 halinde <strong data-start=\"1360\" data-end=\"1375\">icra takibi<\/strong> s\u00fcreci ba\u015flat\u0131lmaktad\u0131r.<\/li>\n<li data-start=\"1405\" data-end=\"1614\">T\u00fcm bu i\u015flemler, firmam\u0131z b\u00fcnyesindeki <strong data-start=\"1444\" data-end=\"1464\">uzman hukuk\u00e7ular<\/strong> taraf\u0131ndan y\u00fcr\u00fct\u00fclmekte ve y\u00f6neticilerin birebir muhatap olmas\u0131 gereken t\u00fcm hukuki s\u00fcre\u00e7lerin y\u00fck\u00fc tamamen profesyonel ekibimizce \u00fcstlenilmektedir.<\/li>\n<li data-start=\"1617\" data-end=\"1766\">Gerekli durumlarda <strong data-start=\"1636\" data-end=\"1702\">mahkeme s\u00fcre\u00e7leri, resmi yaz\u0131\u015fmalar, ihtarnameler, icra takibi<\/strong> ve <strong data-start=\"1706\" data-end=\"1727\">hukuki m\u00fctalaalar<\/strong> titizlikle ve etkin bi\u00e7imde y\u00fcr\u00fct\u00fcl\u00fcr.<\/li>\n<\/ul>\n<p><\/p><i class=\"back_icon boc_i-copy-file\"><\/i><\/div>[\/vc_column][vc_column width=&#8221;1\/2&#8243;]<div id=\"top_icon_box_42370\" class=\"top_icon_box type7 alt_style \"><div class=\"icon_holder\"><div class=\"icon_bgr\"><\/div><div class=\"icon_center\"><i class=\"boc_i-copy-file\"><\/i><\/div><\/div><h3>Sundu\u011fumuz Hukuki Hizmetler:<\/h3><p><\/p>\n<ul>\n<li><\/li>\n<li data-start=\"1809\" data-end=\"1851\">Yaz\u0131l\u0131 ve s\u00f6zl\u00fc hukuki m\u00fctalaa verilmesi<\/li>\n<li data-start=\"1854\" data-end=\"1905\">Resmi yaz\u0131\u015fmalar\u0131n ve ihtarnamelerin haz\u0131rlanmas\u0131<\/li>\n<li data-start=\"1908\" data-end=\"1946\">S\u00f6zle\u015fme haz\u0131rlanmas\u0131 ve incelenmesi<\/li>\n<li data-start=\"1949\" data-end=\"1994\">Dava ve icra takip s\u00fcre\u00e7lerinin y\u00fcr\u00fct\u00fclmesi<\/li>\n<li data-start=\"1997\" data-end=\"2042\">Aidat tahsilatlar\u0131n\u0131n yasal yollarla takibi<\/li>\n<li data-start=\"2045\" data-end=\"2103\">Kat M\u00fclkiyeti Kanunu\u2019na uygun dan\u0131\u015fmanl\u0131k ve y\u00f6nlendirme<\/li>\n<li data-start=\"2106\" data-end=\"2172\">Site ve apartman y\u00f6netim planlar\u0131n\u0131n hukuka uygun hale getirilmesi<\/li>\n<\/ul>\n<p><\/p><i class=\"back_icon boc_i-copy-file\"><\/i><\/div>[\/vc_column][\/vc_row][vc_row full_width=&#8221;stretch_row&#8221; css=&#8221;.vc_custom_1748453144731{padding-top: 20px !important;padding-bottom: 20px !important;background-image: url(http:\/\/blueowlcreative.com\/wp\/alea_export\/wp-content\/uploads\/2016\/10\/white_mountains2.jpg?id=1194) !important;}&#8221;][vc_column][vc_column_text]<\/p>\n<p style=\"text-align: center;\">Bu kapsamda, y\u00f6neticilerin en b\u00fcy\u00fck sorumlulu\u011fu olan aidat tahsilat\u0131 ba\u015fta olmak \u00fczere t\u00fcm hukuki y\u00fck\u00fcml\u00fcl\u00fckleriniz, alan\u0131nda yetkin ve deneyimli hukuk\u00e7ular\u0131m\u0131z taraf\u0131ndan y\u00fcr\u00fct\u00fclerek, sizlere rahat ve g\u00fcvenli bir y\u00f6netim deneyimi sunulur.<\/p>\n<p>&nbsp;<\/p>\n<p style=\"text-align: center;\"><a\thref=\"https:\/\/www.argsiteyonetimi.com\/index.php\/iletisim\/\"  \n\t\t\t\tclass=\"button btn_medium btn_theme_color btn_rounded     \"  target='_self'><span>Detayl\u0131 Bilgi<\/span><\/a><\/p>\n<p>[\/vc_column_text]<div class=\"boc_spacing \" style=\"height: 40px\"><\/div>[\/vc_column][\/vc_row][vc_row full_width=&#8221;stretch_row_content_no_spaces&#8221;][vc_column width=&#8221;1\/3&#8243; css=&#8221;.vc_custom_1478004613522{padding-top: 10px !important;background-color: #695645 !important;}&#8221;][\/vc_column][vc_column width=&#8221;1\/3&#8243; css=&#8221;.vc_custom_1478004490409{padding-top: 10px !important;background-color: #947960 !important;}&#8221;][\/vc_column][vc_column width=&#8221;1\/3&#8243; css=&#8221;.vc_custom_1477992519632{padding-top: 10px !important;background-color: #f3ba83 !important;}&#8221;][\/vc_column][\/vc_row]<\/p>\n<\/section>","protected":false},"excerpt":{"rendered":"<p>[vc_row full_width=&#8221;stretch_row&#8221; parallax=&#8221;content-moving&#8221; parallax_image=&#8221;5628&#8243; css_animation=&#8221;fadeIn&#8221; boc_overlay_color=&#8221;rgba(204,33,74,0.9)&#8221; boc_with_gradient=&#8221;yes&#8221; boc_overlay_color2=&#8221;rgba(230,152,81,0.9)&#8221; boc_overlay_gradient_angle=&#8221;120deg&#8221; css=&#8221;.vc_custom_1748365076174{padding-top: 160px !important;padding-bottom: 140px !important;}&#8221;][vc_column el_class=&#8221;white_links&#8221;][vc_column_text css_animation=&#8221;boc_animate_when_almost_visible boc_zoom&#8221;] Site y\u00f6netiminde hukuki sorunlarda h\u0131zl\u0131 ve etkili \u00e7\u00f6z\u00fcmler; profesyonel dan\u0131\u015fmanl\u0131k ve tam destek sa\u011fl\u0131yoruz. [\/vc_column_text][\/vc_column][\/vc_row][vc_row full_width=&#8221;stretch_row_content_no_spaces&#8221; equal_height=&#8221;yes&#8221;][vc_column width=&#8221;1\/2&#8243; css=&#8221;.vc_custom_1748452589054{padding-top: 20px !important;padding-right: 16% !important;padding-left: 16% !important;background-color: #f9f9f9 !important;}&#8221;][vc_column_text] Apartman ve site y\u00f6netiminde en s\u0131k kar\u015f\u0131la\u015f\u0131lan ve \u00e7\u00f6z\u00fcm\u00fc en karma\u015f\u0131k&#8230;<\/p>\n","protected":false},"author":1,"featured_media":0,"parent":0,"menu_order":0,"comment_status":"closed","ping_status":"closed","template":"","meta":{"_joinchat":[],"footnotes":""},"class_list":["post-5726","page","type-page","status-publish","hentry"],"aioseo_notices":[],"_links":{"self":[{"href":"https:\/\/www.argsiteyonetimi.com\/index.php\/wp-json\/wp\/v2\/pages\/5726","targetHints":{"allow":["GET"]}}],"collection":[{"href":"https:\/\/www.argsiteyonetimi.com\/index.php\/wp-json\/wp\/v2\/pages"}],"about":[{"href":"https:\/\/www.argsiteyonetimi.com\/index.php\/wp-json\/wp\/v2\/types\/page"}],"author":[{"embeddable":true,"href":"https:\/\/www.argsiteyonetimi.com\/index.php\/wp-json\/wp\/v2\/users\/1"}],"replies":[{"embeddable":true,"href":"https:\/\/www.argsiteyonetimi.com\/index.php\/wp-json\/wp\/v2\/comments?post=5726"}],"version-history":[{"count":23,"href":"https:\/\/www.argsiteyonetimi.com\/index.php\/wp-json\/wp\/v2\/pages\/5726\/revisions"}],"predecessor-version":[{"id":5902,"href":"https:\/\/www.argsiteyonetimi.com\/index.php\/wp-json\/wp\/v2\/pages\/5726\/revisions\/5902"}],"wp:attachment":[{"href":"https:\/\/www.argsiteyonetimi.com\/index.php\/wp-json\/wp\/v2\/media?parent=5726"}],"curies":[{"name":"wp","href":"https:\/\/api.w.org\/{rel}","templated":true}]}}