{"id":1205,"date":"2016-10-31T13:51:01","date_gmt":"2016-10-31T13:51:01","guid":{"rendered":"http:\/\/blueowlcreative.com\/wp\/alea\/?page_id=1205"},"modified":"2025-06-08T08:43:12","modified_gmt":"2025-06-08T08:43:12","slug":"ana-sayfa","status":"publish","type":"page","link":"https:\/\/www.argsiteyonetimi.com\/","title":{"rendered":"Ana Sayfa"},"content":{"rendered":"<section class=\"wpb-content-wrapper\"><p>[vc_row full_width=&#8221;stretch_row&#8221; parallax=&#8221;content-moving&#8221; parallax_image=&#8221;5628&#8243; css_animation=&#8221;fadeIn&#8221; boc_overlay_color=&#8221;rgba(204,33,74,0.9)&#8221; boc_with_gradient=&#8221;yes&#8221; boc_overlay_color2=&#8221;rgba(230,152,81,0.9)&#8221; boc_overlay_gradient_angle=&#8221;120deg&#8221; css=&#8221;.vc_custom_1748365076174{padding-top: 160px !important;padding-bottom: 140px !important;}&#8221;][vc_column el_class=&#8221;white_links&#8221;]<div class=\"boc_heading uppercase letter_spacing_big al_left  boc_animate_when_almost_visible boc_top-to-bottom bold_weight\"  style=\"color: #f8e6d6;font-size: 15px;\"  data-css_delay=500><span>Hesap Verilebilirlik, \u015eeffafl\u0131k ve Hukuki G\u00fcvence ile!<\/span><\/div><div class=\"boc_spacing \" style=\"height: 10px\"><\/div><h2 class=\"boc_heading  al_left  cd-headline loading-bar i_f600 text_10_on_mobile  boc_animate_when_almost_visible boc_right-to-left thin_weight\"  style=\"color: #ffffff;font-size: 45px;line-height: 1.1em;\"  data-css_delay=600><span>ARG <b>Profesyonel Site ve Apartman Y\u00f6netimi<\/b><b>\u00d6zel G\u00fcvenlik Hizmetleri<\/b><b>Profosyonel Temizlik Hizmetleri<\/b><b>Muhasebe Hizmetleri<\/b><b>Hukuki Dan\u0131\u015fmanl\u0131k Hizmetleri<\/b><\/span><\/h2><div class=\"boc_spacing \" style=\"height: 30px\"><\/div><a\thref=\"tel:05323227486\u202c\"  \n\t\t\t\tclass=\"button btn_medium btn_plum btn_rounded btn_normal_style icon_pos_before btn_icon_anim_in boc_animate_when_almost_visible boc_zoom \"  target='_self'> <i class='icon fa fa-volume-control-phone'><\/i> <span>Bizimle \u0130leti\u015fime Ge\u00e7in<\/span><\/a>[\/vc_column][\/vc_row][vc_row full_width=&#8221;stretch_row_content_no_spaces&#8221; equal_height=&#8221;yes&#8221;][vc_column css_animation=&#8221;fadeInUp&#8221; width=&#8221;1\/2&#8243; css=&#8221;.vc_custom_1748611527172{padding-top: 13% !important;padding-right: 16% !important;padding-bottom: 13% !important;padding-left: 16% !important;background-color: #f9f9f9 !important;}&#8221;]<h3 class=\"boc_heading  al_left  text_15_on_mobile   regular_weight\"  style=\"margin-bottom: 26px;color: #3a3a3a;font-size: 23px;\" ><span>Profesyonel Site ve Apartman Y\u00f6netimi<\/span><\/h3>[vc_column_text]Zaman\u0131n\u0131z\u0131 bo\u015fa harcamay\u0131n; Uzman kadromuzla aidat takibinden teknik bak\u0131ma, hukuki s\u00fcre\u00e7lerden temizlik hizmetlerine kadar t\u00fcm ihtiya\u00e7lar\u0131n\u0131za \u00e7\u00f6z\u00fcm sunuyoruz. \u015eeffaf, g\u00fcvenilir ve s\u00fcrd\u00fcr\u00fclebilir y\u00f6netim anlay\u0131\u015f\u0131m\u0131zla ya\u015fam alanlar\u0131n\u0131za de\u011fer kat\u0131yoruz. Ba\u015ftan sona sorunsuz bir y\u00f6netim i\u00e7in do\u011fru yerdesiniz![\/vc_column_text]<div class=\"boc_spacing \" style=\"height: 10px\"><\/div><a\thref=\"https:\/\/www.argsiteyonetimi.com\/index.php\/site-ve-apartman-yonetimi\/\"  \n\t\t\t\tclass=\"button btn_small btn_no_bgr btn_circled btn_normal_style icon_pos_after btn_icon_anim_out boc_animate_when_almost_visible boc_zoom_out \"  target='_blank'><span>Devam\u0131n\u0131 Oku...<\/span> <i class='icon boc_i-arrow-pointing-to-right'><\/i> <\/a>[\/vc_column][vc_column width=&#8221;1\/2&#8243; css=&#8221;.vc_custom_1748365566222{padding-top: 100px !important;padding-bottom: 100px !important;background-image: url(http:\/\/www.argsiteyonetimi.com\/wp-content\/uploads\/2025\/05\/multifamilypropertyimage2.jpg?id=5628) !important;background-position: center !important;background-repeat: no-repeat !important;background-size: cover !important;}&#8221;][\/vc_column][\/vc_row][vc_row][vc_column]<div class=\"boc_spacing \" style=\"height: 40px\"><\/div><h2 class=\"boc_heading  center  cd-headline loading-bar i_f600 text_10_on_mobile  boc_animate_when_almost_visible boc_right-to-left thin_weight\"  style=\"color: #3d3d3d;font-size: 25px;line-height: 1.1em;\"  data-css_delay=600><span><br \/>\nSundu\u011fumuz <b>G\u00fcvenilir<\/b><b>Kaliteli<\/b> Hizmetler<\/span><\/h2>[\/vc_column][\/vc_row][vc_row gap=&#8221;35&#8243; css_animation=&#8221;fadeInUp&#8221; css=&#8221;.vc_custom_1748611298413{margin-top: 0px !important;margin-bottom: 120px !important;}&#8221;][vc_column css_animation=&#8221;fadeInUp&#8221; width=&#8221;1\/3&#8243;]<div id=\"top_icon_box_8751\" class=\"top_icon_box type7 alt_style boc_animate_when_almost_visible\"><div class=\"icon_holder\"><div class=\"icon_bgr\"><\/div><div class=\"icon_center\"><i class=\"boc_i-help2\"><\/i><\/div><\/div><h3>Personel Y\u00f6netimi Hizmetleri<\/h3><p>T\u00fcm \u00e7al\u0131\u015fanlar\u0131n s\u00f6zle\u015fme, takip ve denetim s\u00fcre\u00e7lerini yasal mevzuatlara uygun \u015fekilde y\u00f6netir; performans ve i\u015f disiplini ile destekleriz.<\/p><i class=\"back_icon boc_i-help2\"><\/i><\/div>[\/vc_column][vc_column css_animation=&#8221;fadeInUp&#8221; width=&#8221;1\/3&#8243;]<div id=\"top_icon_box_35895\" class=\"top_icon_box type7 alt_style \"><div class=\"icon_holder\"><div class=\"icon_bgr\"><\/div><div class=\"icon_center\"><i class=\"boc_i-help2\"><\/i><\/div><\/div><h3>Hukuki Dan\u0131\u015fmanl\u0131k<\/h3><p>Site y\u00f6netimiyle ilgili t\u00fcm hukuki s\u00fcre\u00e7lerde profesyonel dan\u0131\u015fmanl\u0131k sunar, s\u00f6zle\u015fmelerden uyu\u015fmazl\u0131klara kadar her ad\u0131mda yan\u0131n\u0131zda oluruz.<\/p><i class=\"back_icon boc_i-help2\"><\/i><\/div>[\/vc_column][vc_column width=&#8221;1\/3&#8243;]<div id=\"top_icon_box_28787\" class=\"top_icon_box type7 alt_style \"><div class=\"icon_holder\"><div class=\"icon_bgr\"><\/div><div class=\"icon_center\"><i class=\"boc_i-help2\"><\/i><\/div><\/div><h3>Muhasebe Hizmetleri<\/h3><p><\/p>\n<p data-start=\"734\" data-end=\"928\">Aidat toplama, gider takibi, b\u00fct\u00e7eleme ve yasal bildirimler gibi mali s\u00fcre\u00e7ler uzman muhasebe ekibimizce titizlikle y\u00fcr\u00fct\u00fcl\u00fcr.<\/p>\n<p><\/p><i class=\"back_icon boc_i-help2\"><\/i><\/div>[\/vc_column][\/vc_row][vc_row gap=&#8221;35&#8243; css_animation=&#8221;fadeInUp&#8221; css=&#8221;.vc_custom_1748611495242{margin-top: 100px !important;margin-bottom: 0px !important;}&#8221;][vc_column css_animation=&#8221;fadeInUp&#8221; width=&#8221;1\/3&#8243;]<div id=\"top_icon_box_202\" class=\"top_icon_box type7 alt_style \"><div class=\"icon_holder\"><div class=\"icon_bgr\"><\/div><div class=\"icon_center\"><i class=\"boc_i-help2\"><\/i><\/div><\/div><h3>G\u00fcvenlik Hizmetleri<\/h3><p><\/p>\n<p data-start=\"1488\" data-end=\"1695\">Profesyonel g\u00fcvenlik personeli, kamera sistemleri, giri\u015f \u00e7\u0131k\u0131\u015f kontrolleri ve risk analizi ile ya\u015fam alan\u0131n\u0131z\u0131 7\/24 koruma alt\u0131na al\u0131r\u0131z.<\/p>\n<p><\/p><i class=\"back_icon boc_i-help2\"><\/i><\/div>[\/vc_column][vc_column css_animation=&#8221;fadeInUp&#8221; width=&#8221;1\/3&#8243;]<div id=\"top_icon_box_65546\" class=\"top_icon_box type7 alt_style \"><div class=\"icon_holder\"><div class=\"icon_bgr\"><\/div><div class=\"icon_center\"><i class=\"boc_i-help2\"><\/i><\/div><\/div><h3>Bak\u0131m, Onar\u0131m ve Teknik Servis Hizmetleri<\/h3><p><\/p>\n<p data-start=\"990\" data-end=\"1202\">Tesis i\u00e7indeki t\u00fcm teknik sistemlerin ar\u0131za tespiti, periyodik bak\u0131m\u0131 ve onar\u0131m\u0131 uzman ekibimizce kesintisiz \u015fekilde sa\u011flan\u0131r.<\/p>\n<p><\/p><i class=\"back_icon boc_i-help2\"><\/i><\/div>[\/vc_column][vc_column width=&#8221;1\/3&#8243;]<div id=\"top_icon_box_59202\" class=\"top_icon_box type7 alt_style \"><div class=\"icon_holder\"><div class=\"icon_bgr\"><\/div><div class=\"icon_center\"><i class=\"boc_i-help2\"><\/i><\/div><\/div><h3>Temizlik Hizmetleri<\/h3><p><\/p>\n<p data-start=\"1242\" data-end=\"1448\">Ortak alanlardan sosyal tesislere kadar t\u00fcm ya\u015fam alanlar\u0131, hijyen standartlar\u0131na uygun olarak d\u00fczenli \u015fekilde temizlenir ve denetlenir.<\/p>\n<p><\/p><i class=\"back_icon boc_i-help2\"><\/i><\/div>[\/vc_column][\/vc_row][vc_row full_width=&#8221;stretch_row_content_no_spaces&#8221;][vc_column width=&#8221;1\/3&#8243; css=&#8221;.vc_custom_1478004613522{padding-top: 10px !important;background-color: #695645 !important;}&#8221;][\/vc_column][vc_column width=&#8221;1\/3&#8243; css=&#8221;.vc_custom_1478004490409{padding-top: 10px !important;background-color: #947960 !important;}&#8221;][\/vc_column][vc_column width=&#8221;1\/3&#8243; css=&#8221;.vc_custom_1477992519632{padding-top: 10px !important;background-color: #f3ba83 !important;}&#8221;][\/vc_column][\/vc_row][vc_row css_animation=&#8221;fadeInUp&#8221;][vc_column]<div class=\"boc_spacing \" style=\"height: 10px\"><\/div><h3 class=\"boc_heading  center  boc_animate_when_almost_visible boc_zoom inherit_weight\"  style=\"color: #474747;\" ><span>Referanslar\u0131m\u0131z<\/span><\/h3><div class=\"img_carousel_holder  owl_side_arrows\">\t<div class=\"img_carousel mfp_gallery\" id=\"img_carousel_2417\" style=\"opacity:0;\"><div class=\"img_carousel_item boc_owl_lazy\">\t<div class=\"pic \">\r\n\t\t\t\t\t\t\t\t<a href=\"javascript:void(0)\" class=\"\"  target=\"_self\">\r\n\t\t\t\t\t\t\t\t\t<img decoding=\"async\" src=\"https:\/\/www.argsiteyonetimi.com\/wp-content\/uploads\/2025\/05\/SIRAVLER-SITESI-KAGITHANE.png\" alt=\"\" \/>\r\n\t\t\t\t\t\t\t\t<\/a>\r\n\t\t\t\t\t\t\t<\/div>\r\n\t\t\t\t\t\t<\/div><div class=\"img_carousel_item boc_owl_lazy\">\t<div class=\"pic \">\r\n\t\t\t\t\t\t\t\t<a href=\"javascript:void(0)\" class=\"\"  target=\"_self\">\r\n\t\t\t\t\t\t\t\t\t<img decoding=\"async\" src=\"https:\/\/www.argsiteyonetimi.com\/wp-content\/uploads\/2025\/05\/SERENITY-SITESI-KAGITHANE.png\" alt=\"\" \/>\r\n\t\t\t\t\t\t\t\t<\/a>\r\n\t\t\t\t\t\t\t<\/div>\r\n\t\t\t\t\t\t<\/div><div class=\"img_carousel_item boc_owl_lazy\">\t<div class=\"pic \">\r\n\t\t\t\t\t\t\t\t<a href=\"javascript:void(0)\" class=\"\"  target=\"_self\">\r\n\t\t\t\t\t\t\t\t\t<img decoding=\"async\" src=\"https:\/\/www.argsiteyonetimi.com\/wp-content\/uploads\/2025\/05\/NEW-LIFE-CEKMEKOY-EVLERI.png\" alt=\"\" \/>\r\n\t\t\t\t\t\t\t\t<\/a>\r\n\t\t\t\t\t\t\t<\/div>\r\n\t\t\t\t\t\t<\/div><div class=\"img_carousel_item boc_owl_lazy\">\t<div class=\"pic \">\r\n\t\t\t\t\t\t\t\t<a href=\"javascript:void(0)\" class=\"\"  target=\"_self\">\r\n\t\t\t\t\t\t\t\t\t<img decoding=\"async\" src=\"https:\/\/www.argsiteyonetimi.com\/wp-content\/uploads\/2025\/05\/MARI-REZIDANS-KAGITHANE.png\" alt=\"\" \/>\r\n\t\t\t\t\t\t\t\t<\/a>\r\n\t\t\t\t\t\t\t<\/div>\r\n\t\t\t\t\t\t<\/div><div class=\"img_carousel_item boc_owl_lazy\">\t<div class=\"pic \">\r\n\t\t\t\t\t\t\t\t<a href=\"javascript:void(0)\" class=\"\"  target=\"_self\">\r\n\t\t\t\t\t\t\t\t\t<img decoding=\"async\" src=\"https:\/\/www.argsiteyonetimi.com\/wp-content\/uploads\/2025\/05\/MANOLYYA-APARTMAN-SISLI.png\" alt=\"\" \/>\r\n\t\t\t\t\t\t\t\t<\/a>\r\n\t\t\t\t\t\t\t<\/div>\r\n\t\t\t\t\t\t<\/div><div class=\"img_carousel_item boc_owl_lazy\">\t<div class=\"pic \">\r\n\t\t\t\t\t\t\t\t<a href=\"javascript:void(0)\" class=\"\"  target=\"_self\">\r\n\t\t\t\t\t\t\t\t\t<img decoding=\"async\" src=\"https:\/\/www.argsiteyonetimi.com\/wp-content\/uploads\/2025\/05\/KULELI-EVLERI-KAGITHANE.png\" alt=\"\" \/>\r\n\t\t\t\t\t\t\t\t<\/a>\r\n\t\t\t\t\t\t\t<\/div>\r\n\t\t\t\t\t\t<\/div><div class=\"img_carousel_item boc_owl_lazy\">\t<div class=\"pic \">\r\n\t\t\t\t\t\t\t\t<a href=\"javascript:void(0)\" class=\"\"  target=\"_self\">\r\n\t\t\t\t\t\t\t\t\t<img decoding=\"async\" src=\"https:\/\/www.argsiteyonetimi.com\/wp-content\/uploads\/2025\/05\/KAYA-TOWERS-KAGITHANE.png\" alt=\"\" \/>\r\n\t\t\t\t\t\t\t\t<\/a>\r\n\t\t\t\t\t\t\t<\/div>\r\n\t\t\t\t\t\t<\/div><div class=\"img_carousel_item boc_owl_lazy\">\t<div class=\"pic \">\r\n\t\t\t\t\t\t\t\t<a href=\"javascript:void(0)\" class=\"\"  target=\"_self\">\r\n\t\t\t\t\t\t\t\t\t<img decoding=\"async\" src=\"https:\/\/www.argsiteyonetimi.com\/wp-content\/uploads\/2025\/05\/BARIS-APARTMAN-GOKTURK.png\" alt=\"\" \/>\r\n\t\t\t\t\t\t\t\t<\/a>\r\n\t\t\t\t\t\t\t<\/div>\r\n\t\t\t\t\t\t<\/div><div class=\"img_carousel_item boc_owl_lazy\">\t<div class=\"pic \">\r\n\t\t\t\t\t\t\t\t<a href=\"javascript:void(0)\" class=\"\"  target=\"_self\">\r\n\t\t\t\t\t\t\t\t\t<img decoding=\"async\" src=\"https:\/\/www.argsiteyonetimi.com\/wp-content\/uploads\/2025\/05\/GOKTURK-CADDE-SITESI-GOKTURK.png\" alt=\"\" \/>\r\n\t\t\t\t\t\t\t\t<\/a>\r\n\t\t\t\t\t\t\t<\/div>\r\n\t\t\t\t\t\t<\/div><div class=\"img_carousel_item boc_owl_lazy\">\t<div class=\"pic \">\r\n\t\t\t\t\t\t\t\t<a href=\"javascript:void(0)\" class=\"\"  target=\"_self\">\r\n\t\t\t\t\t\t\t\t\t<img decoding=\"async\" src=\"https:\/\/www.argsiteyonetimi.com\/wp-content\/uploads\/2025\/05\/HUZUR-SITESI-GOKTURK.png\" alt=\"\" \/>\r\n\t\t\t\t\t\t\t\t<\/a>\r\n\t\t\t\t\t\t\t<\/div>\r\n\t\t\t\t\t\t<\/div><div class=\"img_carousel_item boc_owl_lazy\">\t<div class=\"pic \">\r\n\t\t\t\t\t\t\t\t<a href=\"javascript:void(0)\" class=\"\"  target=\"_self\">\r\n\t\t\t\t\t\t\t\t\t<img decoding=\"async\" src=\"https:\/\/www.argsiteyonetimi.com\/wp-content\/uploads\/2025\/05\/INCI-APARTMAN-SISLI.png\" alt=\"\" \/>\r\n\t\t\t\t\t\t\t\t<\/a>\r\n\t\t\t\t\t\t\t<\/div>\r\n\t\t\t\t\t\t<\/div><div class=\"img_carousel_item boc_owl_lazy\">\t<div class=\"pic \">\r\n\t\t\t\t\t\t\t\t<a href=\"javascript:void(0)\" class=\"\"  target=\"_self\">\r\n\t\t\t\t\t\t\t\t\t<img decoding=\"async\" src=\"https:\/\/www.argsiteyonetimi.com\/wp-content\/uploads\/2025\/05\/KADIKOY-SELALE-EVLERI.png\" alt=\"\" \/>\r\n\t\t\t\t\t\t\t\t<\/a>\r\n\t\t\t\t\t\t\t<\/div>\r\n\t\t\t\t\t\t<\/div><div class=\"img_carousel_item boc_owl_lazy\">\t<div class=\"pic \">\r\n\t\t\t\t\t\t\t\t<a href=\"javascript:void(0)\" class=\"\"  target=\"_self\">\r\n\t\t\t\t\t\t\t\t\t<img decoding=\"async\" src=\"https:\/\/www.argsiteyonetimi.com\/wp-content\/uploads\/2025\/05\/KARE-SUITS-GOKTURK.png\" alt=\"\" \/>\r\n\t\t\t\t\t\t\t\t<\/a>\r\n\t\t\t\t\t\t\t<\/div>\r\n\t\t\t\t\t\t<\/div><div class=\"img_carousel_item boc_owl_lazy\">\t<div class=\"pic \">\r\n\t\t\t\t\t\t\t\t<a href=\"javascript:void(0)\" class=\"\"  target=\"_self\">\r\n\t\t\t\t\t\t\t\t\t<img decoding=\"async\" src=\"https:\/\/www.argsiteyonetimi.com\/wp-content\/uploads\/2025\/05\/KARTAL-SIRAEVLER-SITESI.png\" alt=\"\" \/>\r\n\t\t\t\t\t\t\t\t<\/a>\r\n\t\t\t\t\t\t\t<\/div>\r\n\t\t\t\t\t\t<\/div><\/div>\r\n\t\t\t\t <\/div>[\/vc_column][\/vc_row]<\/p>\n<\/section>","protected":false},"excerpt":{"rendered":"<p>[vc_row full_width=&#8221;stretch_row&#8221; parallax=&#8221;content-moving&#8221; parallax_image=&#8221;5628&#8243; css_animation=&#8221;fadeIn&#8221; boc_overlay_color=&#8221;rgba(204,33,74,0.9)&#8221; boc_with_gradient=&#8221;yes&#8221; boc_overlay_color2=&#8221;rgba(230,152,81,0.9)&#8221; boc_overlay_gradient_angle=&#8221;120deg&#8221; css=&#8221;.vc_custom_1748365076174{padding-top: 160px !important;padding-bottom: 140px !important;}&#8221;][vc_column el_class=&#8221;white_links&#8221;][\/vc_column][\/vc_row][vc_row full_width=&#8221;stretch_row_content_no_spaces&#8221; equal_height=&#8221;yes&#8221;][vc_column css_animation=&#8221;fadeInUp&#8221; width=&#8221;1\/2&#8243; css=&#8221;.vc_custom_1748611527172{padding-top: 13% !important;padding-right: 16% !important;padding-bottom: 13% !important;padding-left: 16% !important;background-color: #f9f9f9 !important;}&#8221;][vc_column_text]Zaman\u0131n\u0131z\u0131 bo\u015fa harcamay\u0131n; Uzman kadromuzla aidat takibinden teknik bak\u0131ma, hukuki s\u00fcre\u00e7lerden temizlik hizmetlerine kadar t\u00fcm ihtiya\u00e7lar\u0131n\u0131za \u00e7\u00f6z\u00fcm sunuyoruz. \u015eeffaf, g\u00fcvenilir ve s\u00fcrd\u00fcr\u00fclebilir y\u00f6netim anlay\u0131\u015f\u0131m\u0131zla ya\u015fam alanlar\u0131n\u0131za&#8230;<\/p>\n","protected":false},"author":1,"featured_media":0,"parent":0,"menu_order":0,"comment_status":"closed","ping_status":"closed","template":"","meta":{"_joinchat":[],"footnotes":""},"class_list":["post-1205","page","type-page","status-publish","hentry"],"aioseo_notices":[],"_links":{"self":[{"href":"https:\/\/www.argsiteyonetimi.com\/index.php\/wp-json\/wp\/v2\/pages\/1205","targetHints":{"allow":["GET"]}}],"collection":[{"href":"https:\/\/www.argsiteyonetimi.com\/index.php\/wp-json\/wp\/v2\/pages"}],"about":[{"href":"https:\/\/www.argsiteyonetimi.com\/index.php\/wp-json\/wp\/v2\/types\/page"}],"author":[{"embeddable":true,"href":"https:\/\/www.argsiteyonetimi.com\/index.php\/wp-json\/wp\/v2\/users\/1"}],"replies":[{"embeddable":true,"href":"https:\/\/www.argsiteyonetimi.com\/index.php\/wp-json\/wp\/v2\/comments?post=1205"}],"version-history":[{"count":40,"href":"https:\/\/www.argsiteyonetimi.com\/index.php\/wp-json\/wp\/v2\/pages\/1205\/revisions"}],"predecessor-version":[{"id":5900,"href":"https:\/\/www.argsiteyonetimi.com\/index.php\/wp-json\/wp\/v2\/pages\/1205\/revisions\/5900"}],"wp:attachment":[{"href":"https:\/\/www.argsiteyonetimi.com\/index.php\/wp-json\/wp\/v2\/media?parent=1205"}],"curies":[{"name":"wp","href":"https:\/\/api.w.org\/{rel}","templated":true}]}}